{"id":939,"date":"2025-02-01T13:55:38","date_gmt":"2025-02-01T16:55:38","guid":{"rendered":"http:\/\/ceramicalaranjal.com.br\/es\/?page_id=939"},"modified":"2025-11-10T09:16:47","modified_gmt":"2025-11-10T12:16:47","slug":"espigao","status":"publish","type":"page","link":"https:\/\/ceramicalaranjal.com.br\/es\/espigao\/","title":{"rendered":"Espig\u00e3o"},"content":{"rendered":"\t\t<div data-elementor-type=\"wp-page\" data-elementor-id=\"939\" class=\"elementor elementor-939\" data-elementor-post-type=\"page\">\n\t\t\t\t<div class=\"elementor-element elementor-element-eb75ce3 top-bg-header e-flex e-con-boxed e-con e-parent\" data-id=\"eb75ce3\" data-element_type=\"container\">\n\t\t\t\t\t<div class=\"e-con-inner\">\n\t\t<div class=\"elementor-element elementor-element-e09f23e e-con-full e-flex e-con e-child\" data-id=\"e09f23e\" data-element_type=\"container\">\n\t\t\t\t<div class=\"elementor-element elementor-element-49d7c92 elementor-invisible elementor-widget elementor-widget-heading\" data-id=\"49d7c92\" data-element_type=\"widget\" data-settings=\"{&quot;_animation&quot;:&quot;fadeInDown&quot;}\" data-widget_type=\"heading.default\">\n\t\t\t\t<div class=\"elementor-widget-container\">\n\t\t\t\t\t<h2 class=\"elementor-heading-title elementor-size-default\">Espiga<\/h2>\t\t\t\t<\/div>\n\t\t\t\t<\/div>\n\t\t\t\t<div class=\"elementor-element elementor-element-6290cbd elementor-invisible elementor-widget elementor-widget-heading\" data-id=\"6290cbd\" data-element_type=\"widget\" data-settings=\"{&quot;_animation&quot;:&quot;fadeInUp&quot;,&quot;_animation_delay&quot;:250}\" data-widget_type=\"heading.default\">\n\t\t\t\t<div class=\"elementor-widget-container\">\n\t\t\t\t\t<p class=\"elementor-heading-title elementor-size-default\">La Teja Espiga es la opci\u00f3n ideal para proporcionar un acabado bonito y duradero. Garantiza un encuentro perfecto entre las aguas del tejado, ofreciendo un aspecto uniforme y elegante, adem\u00e1s de aumentar la durabilidad y evitar infiltraciones.<\/p>\t\t\t\t<\/div>\n\t\t\t\t<\/div>\n\t\t\t\t<div class=\"elementor-element elementor-element-602ac33 elementor-widget-divider--view-line elementor-widget elementor-widget-divider\" data-id=\"602ac33\" data-element_type=\"widget\" data-widget_type=\"divider.default\">\n\t\t\t\t<div class=\"elementor-widget-container\">\n\t\t\t\t\t\t\t<div class=\"elementor-divider\">\n\t\t\t<span class=\"elementor-divider-separator\">\n\t\t\t\t\t\t<\/span>\n\t\t<\/div>\n\t\t\t\t\t\t<\/div>\n\t\t\t\t<\/div>\n\t\t\t\t<div class=\"elementor-element elementor-element-a9dae56 elementor-invisible elementor-widget elementor-widget-text-editor\" data-id=\"a9dae56\" data-element_type=\"widget\" data-settings=\"{&quot;_animation&quot;:&quot;fadeInLeft&quot;}\" data-widget_type=\"text-editor.default\">\n\t\t\t\t<div class=\"elementor-widget-container\">\n\t\t\t\t\t\t\t\t\t<p>2,7 kg\/pieza<\/p><p>*Todas las Tejas de Cer\u00e2mica Laranjal est\u00e1n disponibles tambi\u00e9n con acabado brillante impermeable.<\/p>\t\t\t\t\t\t\t\t<\/div>\n\t\t\t\t<\/div>\n\t\t\t\t<div class=\"elementor-element elementor-element-b5496a2 elementor-position-right elementor-vertical-align-middle elementor-view-default elementor-mobile-position-top elementor-invisible elementor-widget elementor-widget-icon-box\" data-id=\"b5496a2\" data-element_type=\"widget\" data-settings=\"{&quot;_animation&quot;:&quot;fadeIn&quot;}\" data-widget_type=\"icon-box.default\">\n\t\t\t\t<div class=\"elementor-widget-container\">\n\t\t\t\t\t\t\t<div class=\"elementor-icon-box-wrapper\">\n\n\t\t\t\t\t\t<div class=\"elementor-icon-box-icon\">\n\t\t\t\t<a href=\"https:\/\/ceramicalaranjal.com.br\/es\/wp-content\/uploads\/2025\/02\/manual-tecnico-ceramica-laranjal-outubro-2023.pdf\" target=\"_blank\" class=\"elementor-icon\" tabindex=\"-1\" aria-label=\"DESCARGAR MANUAL T\u00c9CNICO\">\n\t\t\t\t<svg aria-hidden=\"true\" class=\"e-font-icon-svg e-fas-download\" viewBox=\"0 0 512 512\" xmlns=\"http:\/\/www.w3.org\/2000\/svg\"><path d=\"M216 0h80c13.3 0 24 10.7 24 24v168h87.7c17.8 0 26.7 21.5 14.1 34.1L269.7 378.3c-7.5 7.5-19.8 7.5-27.3 0L90.1 226.1c-12.6-12.6-3.7-34.1 14.1-34.1H192V24c0-13.3 10.7-24 24-24zm296 376v112c0 13.3-10.7 24-24 24H24c-13.3 0-24-10.7-24-24V376c0-13.3 10.7-24 24-24h146.7l49 49c20.1 20.1 52.5 20.1 72.6 0l49-49H488c13.3 0 24 10.7 24 24zm-124 88c0-11-9-20-20-20s-20 9-20 20 9 20 20 20 20-9 20-20zm64 0c0-11-9-20-20-20s-20 9-20 20 9 20 20 20 20-9 20-20z\"><\/path><\/svg>\t\t\t\t<\/a>\n\t\t\t<\/div>\n\t\t\t\n\t\t\t\t\t\t<div class=\"elementor-icon-box-content\">\n\n\t\t\t\t\t\t\t\t\t<h5 class=\"elementor-icon-box-title\">\n\t\t\t\t\t\t<a href=\"https:\/\/ceramicalaranjal.com.br\/es\/wp-content\/uploads\/2025\/02\/manual-tecnico-ceramica-laranjal-outubro-2023.pdf\" target=\"_blank\" >\n\t\t\t\t\t\t\tDESCARGAR MANUAL T\u00c9CNICO\t\t\t\t\t\t<\/a>\n\t\t\t\t\t<\/h5>\n\t\t\t\t\n\t\t\t\t\n\t\t\t<\/div>\n\t\t\t\n\t\t<\/div>\n\t\t\t\t\t\t<\/div>\n\t\t\t\t<\/div>\n\t\t\t\t<div class=\"elementor-element elementor-element-055675c elementor-position-right elementor-vertical-align-middle elementor-view-default elementor-mobile-position-top elementor-invisible elementor-widget elementor-widget-icon-box\" data-id=\"055675c\" data-element_type=\"widget\" data-settings=\"{&quot;_animation&quot;:&quot;fadeIn&quot;}\" data-widget_type=\"icon-box.default\">\n\t\t\t\t<div class=\"elementor-widget-container\">\n\t\t\t\t\t\t\t<div class=\"elementor-icon-box-wrapper\">\n\n\t\t\t\t\t\t<div class=\"elementor-icon-box-icon\">\n\t\t\t\t<a href=\"https:\/\/ceramicalaranjal.com.br\/pt\/wp-content\/uploads\/2025\/11\/CeramicaLaranjal_Catalogo_A4_V8_Nov2025.pdf\" target=\"_blank\" class=\"elementor-icon\" tabindex=\"-1\" aria-label=\"DESCARGAR CAT\u00c1LOGO\">\n\t\t\t\t<svg aria-hidden=\"true\" class=\"e-font-icon-svg e-fas-download\" viewBox=\"0 0 512 512\" xmlns=\"http:\/\/www.w3.org\/2000\/svg\"><path d=\"M216 0h80c13.3 0 24 10.7 24 24v168h87.7c17.8 0 26.7 21.5 14.1 34.1L269.7 378.3c-7.5 7.5-19.8 7.5-27.3 0L90.1 226.1c-12.6-12.6-3.7-34.1 14.1-34.1H192V24c0-13.3 10.7-24 24-24zm296 376v112c0 13.3-10.7 24-24 24H24c-13.3 0-24-10.7-24-24V376c0-13.3 10.7-24 24-24h146.7l49 49c20.1 20.1 52.5 20.1 72.6 0l49-49H488c13.3 0 24 10.7 24 24zm-124 88c0-11-9-20-20-20s-20 9-20 20 9 20 20 20 20-9 20-20zm64 0c0-11-9-20-20-20s-20 9-20 20 9 20 20 20 20-9 20-20z\"><\/path><\/svg>\t\t\t\t<\/a>\n\t\t\t<\/div>\n\t\t\t\n\t\t\t\t\t\t<div class=\"elementor-icon-box-content\">\n\n\t\t\t\t\t\t\t\t\t<h5 class=\"elementor-icon-box-title\">\n\t\t\t\t\t\t<a href=\"https:\/\/ceramicalaranjal.com.br\/pt\/wp-content\/uploads\/2025\/11\/CeramicaLaranjal_Catalogo_A4_V8_Nov2025.pdf\" target=\"_blank\" >\n\t\t\t\t\t\t\tDESCARGAR CAT\u00c1LOGO\t\t\t\t\t\t<\/a>\n\t\t\t\t\t<\/h5>\n\t\t\t\t\n\t\t\t\t\n\t\t\t<\/div>\n\t\t\t\n\t\t<\/div>\n\t\t\t\t\t\t<\/div>\n\t\t\t\t<\/div>\n\t\t\t\t<\/div>\n\t\t<div class=\"elementor-element elementor-element-b77365d e-con-full e-flex e-con e-child\" data-id=\"b77365d\" data-element_type=\"container\">\n\t\t\t\t<div class=\"elementor-element elementor-element-2a96cfb elementor-arrows-position-outside elementor-pagination-position-outside elementor-widget elementor-widget-image-carousel\" data-id=\"2a96cfb\" data-element_type=\"widget\" data-settings=\"{&quot;slides_to_show&quot;:&quot;1&quot;,&quot;navigation&quot;:&quot;both&quot;,&quot;autoplay&quot;:&quot;yes&quot;,&quot;pause_on_hover&quot;:&quot;yes&quot;,&quot;pause_on_interaction&quot;:&quot;yes&quot;,&quot;autoplay_speed&quot;:5000,&quot;infinite&quot;:&quot;yes&quot;,&quot;effect&quot;:&quot;slide&quot;,&quot;speed&quot;:500}\" data-widget_type=\"image-carousel.default\">\n\t\t\t\t<div class=\"elementor-widget-container\">\n\t\t\t\t\t\t\t<div class=\"elementor-image-carousel-wrapper swiper\" role=\"region\" aria-roledescription=\"carousel\" aria-label=\"Carrossel de imagens\" dir=\"ltr\">\n\t\t\t<div class=\"elementor-image-carousel swiper-wrapper\" aria-live=\"off\">\n\t\t\t\t\t\t\t\t<div class=\"swiper-slide\" role=\"group\" aria-roledescription=\"slide\" aria-label=\"1 de 3\"><figure class=\"swiper-slide-inner\"><img decoding=\"async\" class=\"swiper-slide-image\" src=\"https:\/\/ceramicalaranjal.com.br\/es\/wp-content\/uploads\/elementor\/thumbs\/Ceramica_Laranjal_Espigao_Natural-r36v01bc63n9r0zvtg417ybykk1dy2rzqeio48ya68.png\" alt=\"Cer\u00e2mica_Laranjal_Espig\u00e3o_Natural\" \/><\/figure><\/div><div class=\"swiper-slide\" role=\"group\" aria-roledescription=\"slide\" aria-label=\"2 de 3\"><figure class=\"swiper-slide-inner\"><img decoding=\"async\" class=\"swiper-slide-image\" src=\"https:\/\/ceramicalaranjal.com.br\/es\/wp-content\/uploads\/elementor\/thumbs\/ImagemEspigao_01-r36uzzfnsfkp3t2m4fas2yt1dsaniokj257p5p12io.png\" alt=\"ImagemEspig\u00e3o_01\" \/><\/figure><\/div><div class=\"swiper-slide\" role=\"group\" aria-roledescription=\"slide\" aria-label=\"3 de 3\"><figure class=\"swiper-slide-inner\"><img decoding=\"async\" class=\"swiper-slide-image\" src=\"https:\/\/ceramicalaranjal.com.br\/es\/wp-content\/uploads\/elementor\/thumbs\/ImagemEspigao_02-r36v01bc63n9r0zvtg417ybykk1dy2rzqeio48ya68.png\" alt=\"ImagemEspig\u00e3o_02\" \/><\/figure><\/div>\t\t\t<\/div>\n\t\t\t\t\t\t\t\t\t\t\t\t<div class=\"elementor-swiper-button elementor-swiper-button-prev\" role=\"button\" tabindex=\"0\">\n\t\t\t\t\t\t<svg aria-hidden=\"true\" class=\"e-font-icon-svg e-eicon-chevron-left\" viewBox=\"0 0 1000 1000\" xmlns=\"http:\/\/www.w3.org\/2000\/svg\"><path d=\"M646 125C629 125 613 133 604 142L308 442C296 454 292 471 292 487 292 504 296 521 308 533L604 854C617 867 629 875 646 875 663 875 679 871 692 858 704 846 713 829 713 812 713 796 708 779 692 767L438 487 692 225C700 217 708 204 708 187 708 171 704 154 692 142 675 129 663 125 646 125Z\"><\/path><\/svg>\t\t\t\t\t<\/div>\n\t\t\t\t\t<div class=\"elementor-swiper-button elementor-swiper-button-next\" role=\"button\" tabindex=\"0\">\n\t\t\t\t\t\t<svg aria-hidden=\"true\" class=\"e-font-icon-svg e-eicon-chevron-right\" viewBox=\"0 0 1000 1000\" xmlns=\"http:\/\/www.w3.org\/2000\/svg\"><path d=\"M696 533C708 521 713 504 713 487 713 471 708 454 696 446L400 146C388 133 375 125 354 125 338 125 325 129 313 142 300 154 292 171 292 187 292 204 296 221 308 233L563 492 304 771C292 783 288 800 288 817 288 833 296 850 308 863 321 871 338 875 354 875 371 875 388 867 400 854L696 533Z\"><\/path><\/svg>\t\t\t\t\t<\/div>\n\t\t\t\t\n\t\t\t\t\t\t\t\t\t<div class=\"swiper-pagination\"><\/div>\n\t\t\t\t\t\t\t\t\t<\/div>\n\t\t\t\t\t\t<\/div>\n\t\t\t\t<\/div>\n\t\t\t\t<\/div>\n\t\t\t\t\t<\/div>\n\t\t\t\t<\/div>\n\t\t<div class=\"elementor-element elementor-element-56c0204 e-flex e-con-boxed e-con e-parent\" data-id=\"56c0204\" data-element_type=\"container\" data-settings=\"{&quot;background_background&quot;:&quot;classic&quot;}\">\n\t\t\t\t\t<div class=\"e-con-inner\">\n\t\t<div class=\"elementor-element elementor-element-0e8f6d2 e-con-full e-flex e-con e-child\" data-id=\"0e8f6d2\" data-element_type=\"container\">\n\t\t\t\t<div class=\"elementor-element elementor-element-1503793 elementor-widget elementor-widget-image\" data-id=\"1503793\" data-element_type=\"widget\" data-widget_type=\"image.default\">\n\t\t\t\t<div class=\"elementor-widget-container\">\n\t\t\t\t\t\t\t\t\t\t\t\t\t\t\t<img fetchpriority=\"high\" decoding=\"async\" width=\"800\" height=\"777\" src=\"https:\/\/ceramicalaranjal.com.br\/es\/wp-content\/uploads\/2025\/02\/Icone-logo-01-1024x995.png\" class=\"attachment-large size-large wp-image-638\" alt=\"\" srcset=\"https:\/\/ceramicalaranjal.com.br\/es\/wp-content\/uploads\/2025\/02\/Icone-logo-01-1024x995.png 1024w, https:\/\/ceramicalaranjal.com.br\/es\/wp-content\/uploads\/2025\/02\/Icone-logo-01-300x291.png 300w, https:\/\/ceramicalaranjal.com.br\/es\/wp-content\/uploads\/2025\/02\/Icone-logo-01-768x746.png 768w, https:\/\/ceramicalaranjal.com.br\/es\/wp-content\/uploads\/2025\/02\/Icone-logo-01.png 1295w\" sizes=\"(max-width: 800px) 100vw, 800px\" \/>\t\t\t\t\t\t\t\t\t\t\t\t\t\t\t<\/div>\n\t\t\t\t<\/div>\n\t\t\t\t<div class=\"elementor-element elementor-element-431254f elementor-invisible elementor-widget elementor-widget-heading\" data-id=\"431254f\" data-element_type=\"widget\" data-settings=\"{&quot;_animation&quot;:&quot;fadeInDown&quot;}\" data-widget_type=\"heading.default\">\n\t\t\t\t<div class=\"elementor-widget-container\">\n\t\t\t\t\t<h2 class=\"elementor-heading-title elementor-size-default\">Ventajas de las tejas de cer\u00e1mica.<\/h2>\t\t\t\t<\/div>\n\t\t\t\t<\/div>\n\t\t\t\t<div class=\"elementor-element elementor-element-0d6230f elementor-invisible elementor-widget elementor-widget-heading\" data-id=\"0d6230f\" data-element_type=\"widget\" data-settings=\"{&quot;_animation&quot;:&quot;fadeInUp&quot;,&quot;_animation_delay&quot;:250}\" data-widget_type=\"heading.default\">\n\t\t\t\t<div class=\"elementor-widget-container\">\n\t\t\t\t\t<p class=\"elementor-heading-title elementor-size-default\">Descubra por qu\u00e9 las tejas de cer\u00e1mica son la opci\u00f3n ideal para quienes buscan calidad, durabilidad y eficiencia en los proyectos de construcci\u00f3n.<\/p>\t\t\t\t<\/div>\n\t\t\t\t<\/div>\n\t\t<div class=\"elementor-element elementor-element-1a3673e e-con-full e-flex e-con e-child\" data-id=\"1a3673e\" data-element_type=\"container\">\n\t\t<div class=\"elementor-element elementor-element-d813770 e-con-full elementor-hidden-tablet elementor-hidden-mobile e-flex e-con e-child\" data-id=\"d813770\" data-element_type=\"container\">\n\t\t\t\t<\/div>\n\t\t<div class=\"elementor-element elementor-element-b37aa0c e-con-full e-flex e-con e-child\" data-id=\"b37aa0c\" data-element_type=\"container\">\n\t\t\t\t<div class=\"elementor-element elementor-element-5d87fb9 elementor-widget elementor-widget-image\" data-id=\"5d87fb9\" data-element_type=\"widget\" data-widget_type=\"image.default\">\n\t\t\t\t<div class=\"elementor-widget-container\">\n\t\t\t\t\t\t\t\t\t\t\t\t\t\t\t<img decoding=\"async\" width=\"800\" height=\"629\" src=\"https:\/\/ceramicalaranjal.com.br\/es\/wp-content\/uploads\/2025\/02\/02-Facilidade-limpeza-01-1024x805.png\" class=\"attachment-large size-large wp-image-646\" alt=\"\" srcset=\"https:\/\/ceramicalaranjal.com.br\/es\/wp-content\/uploads\/2025\/02\/02-Facilidade-limpeza-01-1024x805.png 1024w, https:\/\/ceramicalaranjal.com.br\/es\/wp-content\/uploads\/2025\/02\/02-Facilidade-limpeza-01-300x236.png 300w, https:\/\/ceramicalaranjal.com.br\/es\/wp-content\/uploads\/2025\/02\/02-Facilidade-limpeza-01-768x604.png 768w, https:\/\/ceramicalaranjal.com.br\/es\/wp-content\/uploads\/2025\/02\/02-Facilidade-limpeza-01-1536x1208.png 1536w, https:\/\/ceramicalaranjal.com.br\/es\/wp-content\/uploads\/2025\/02\/02-Facilidade-limpeza-01.png 1600w\" sizes=\"(max-width: 800px) 100vw, 800px\" \/>\t\t\t\t\t\t\t\t\t\t\t\t\t\t\t<\/div>\n\t\t\t\t<\/div>\n\t\t\t\t<div class=\"elementor-element elementor-element-07331e5 elementor-widget elementor-widget-heading\" data-id=\"07331e5\" data-element_type=\"widget\" data-widget_type=\"heading.default\">\n\t\t\t\t<div class=\"elementor-widget-container\">\n\t\t\t\t\t<h3 class=\"elementor-heading-title elementor-size-default\">F\u00c1CIL DE LIMPIAR<\/h3>\t\t\t\t<\/div>\n\t\t\t\t<\/div>\n\t\t\t\t<div class=\"elementor-element elementor-element-d99eb53 elementor-widget elementor-widget-heading\" data-id=\"d99eb53\" data-element_type=\"widget\" data-widget_type=\"heading.default\">\n\t\t\t\t<div class=\"elementor-widget-container\">\n\t\t\t\t\t<p class=\"elementor-heading-title elementor-size-default\">Superficies lisas que facilitan el mantenimiento r\u00e1pido y pr\u00e1ctico.<\/p>\t\t\t\t<\/div>\n\t\t\t\t<\/div>\n\t\t\t\t<\/div>\n\t\t<div class=\"elementor-element elementor-element-0259caf e-con-full e-flex e-con e-child\" data-id=\"0259caf\" data-element_type=\"container\">\n\t\t\t\t<div class=\"elementor-element elementor-element-8dd68d6 elementor-widget elementor-widget-image\" data-id=\"8dd68d6\" data-element_type=\"widget\" data-widget_type=\"image.default\">\n\t\t\t\t<div class=\"elementor-widget-container\">\n\t\t\t\t\t\t\t\t\t\t\t\t\t\t\t<img decoding=\"async\" width=\"800\" height=\"529\" src=\"https:\/\/ceramicalaranjal.com.br\/es\/wp-content\/uploads\/2025\/02\/03-Facilidade-instalacao-01-1024x677.png\" class=\"attachment-large size-large wp-image-647\" alt=\"\" srcset=\"https:\/\/ceramicalaranjal.com.br\/es\/wp-content\/uploads\/2025\/02\/03-Facilidade-instalacao-01-1024x677.png 1024w, https:\/\/ceramicalaranjal.com.br\/es\/wp-content\/uploads\/2025\/02\/03-Facilidade-instalacao-01-300x198.png 300w, https:\/\/ceramicalaranjal.com.br\/es\/wp-content\/uploads\/2025\/02\/03-Facilidade-instalacao-01-768x508.png 768w, https:\/\/ceramicalaranjal.com.br\/es\/wp-content\/uploads\/2025\/02\/03-Facilidade-instalacao-01-1536x1016.png 1536w, https:\/\/ceramicalaranjal.com.br\/es\/wp-content\/uploads\/2025\/02\/03-Facilidade-instalacao-01.png 1902w\" sizes=\"(max-width: 800px) 100vw, 800px\" \/>\t\t\t\t\t\t\t\t\t\t\t\t\t\t\t<\/div>\n\t\t\t\t<\/div>\n\t\t\t\t<div class=\"elementor-element elementor-element-1a486ea elementor-widget elementor-widget-heading\" data-id=\"1a486ea\" data-element_type=\"widget\" data-widget_type=\"heading.default\">\n\t\t\t\t<div class=\"elementor-widget-container\">\n\t\t\t\t\t<h3 class=\"elementor-heading-title elementor-size-default\">F\u00c1CIL INSTALACI\u00d3N<\/h3>\t\t\t\t<\/div>\n\t\t\t\t<\/div>\n\t\t\t\t<div class=\"elementor-element elementor-element-43ff313 elementor-widget elementor-widget-heading\" data-id=\"43ff313\" data-element_type=\"widget\" data-widget_type=\"heading.default\">\n\t\t\t\t<div class=\"elementor-widget-container\">\n\t\t\t\t\t<p class=\"elementor-heading-title elementor-size-default\">Dise\u00f1ado para un montaje sencillo que ahorra tiempo y esfuerzo.<\/p>\t\t\t\t<\/div>\n\t\t\t\t<\/div>\n\t\t\t\t<\/div>\n\t\t<div class=\"elementor-element elementor-element-50af136 e-con-full elementor-hidden-tablet elementor-hidden-mobile e-flex e-con e-child\" data-id=\"50af136\" data-element_type=\"container\">\n\t\t\t\t<\/div>\n\t\t\t\t<\/div>\n\t\t<div class=\"elementor-element elementor-element-4b11603 e-con-full e-flex e-con e-child\" data-id=\"4b11603\" data-element_type=\"container\">\n\t\t<div class=\"elementor-element elementor-element-f954250 e-con-full e-flex e-con e-child\" data-id=\"f954250\" data-element_type=\"container\">\n\t\t\t\t<div class=\"elementor-element elementor-element-d0ffa3a elementor-widget elementor-widget-image\" data-id=\"d0ffa3a\" data-element_type=\"widget\" data-widget_type=\"image.default\">\n\t\t\t\t<div class=\"elementor-widget-container\">\n\t\t\t\t\t\t\t\t\t\t\t\t\t\t\t<img loading=\"lazy\" decoding=\"async\" width=\"800\" height=\"741\" src=\"https:\/\/ceramicalaranjal.com.br\/es\/wp-content\/uploads\/2025\/02\/04-Agilidade-montagem-01-1024x949.png\" class=\"attachment-large size-large wp-image-648\" alt=\"\" srcset=\"https:\/\/ceramicalaranjal.com.br\/es\/wp-content\/uploads\/2025\/02\/04-Agilidade-montagem-01-1024x949.png 1024w, https:\/\/ceramicalaranjal.com.br\/es\/wp-content\/uploads\/2025\/02\/04-Agilidade-montagem-01-300x278.png 300w, https:\/\/ceramicalaranjal.com.br\/es\/wp-content\/uploads\/2025\/02\/04-Agilidade-montagem-01-768x711.png 768w, https:\/\/ceramicalaranjal.com.br\/es\/wp-content\/uploads\/2025\/02\/04-Agilidade-montagem-01.png 1358w\" sizes=\"(max-width: 800px) 100vw, 800px\" \/>\t\t\t\t\t\t\t\t\t\t\t\t\t\t\t<\/div>\n\t\t\t\t<\/div>\n\t\t\t\t<div class=\"elementor-element elementor-element-7155435 elementor-widget elementor-widget-heading\" data-id=\"7155435\" data-element_type=\"widget\" data-widget_type=\"heading.default\">\n\t\t\t\t<div class=\"elementor-widget-container\">\n\t\t\t\t\t<h3 class=\"elementor-heading-title elementor-size-default\">MONTAJE R\u00c1PIDO<\/h3>\t\t\t\t<\/div>\n\t\t\t\t<\/div>\n\t\t\t\t<div class=\"elementor-element elementor-element-8b35042 elementor-widget elementor-widget-heading\" data-id=\"8b35042\" data-element_type=\"widget\" data-widget_type=\"heading.default\">\n\t\t\t\t<div class=\"elementor-widget-container\">\n\t\t\t\t\t<p class=\"elementor-heading-title elementor-size-default\">Sistema de encaje que agiliza el proceso de instalaci\u00f3n y permite obtener resultados r\u00e1pidos.<\/p>\t\t\t\t<\/div>\n\t\t\t\t<\/div>\n\t\t\t\t<\/div>\n\t\t<div class=\"elementor-element elementor-element-6626af9 e-con-full e-flex e-con e-child\" data-id=\"6626af9\" data-element_type=\"container\">\n\t\t\t\t<div class=\"elementor-element elementor-element-0bb11a8 elementor-widget elementor-widget-image\" data-id=\"0bb11a8\" data-element_type=\"widget\" data-widget_type=\"image.default\">\n\t\t\t\t<div class=\"elementor-widget-container\">\n\t\t\t\t\t\t\t\t\t\t\t\t\t\t\t<img loading=\"lazy\" decoding=\"async\" width=\"800\" height=\"741\" src=\"https:\/\/ceramicalaranjal.com.br\/es\/wp-content\/uploads\/2025\/02\/05-Baixa-absorcao-agua-01-1024x949.png\" class=\"attachment-large size-large wp-image-649\" alt=\"\" srcset=\"https:\/\/ceramicalaranjal.com.br\/es\/wp-content\/uploads\/2025\/02\/05-Baixa-absorcao-agua-01-1024x949.png 1024w, https:\/\/ceramicalaranjal.com.br\/es\/wp-content\/uploads\/2025\/02\/05-Baixa-absorcao-agua-01-300x278.png 300w, https:\/\/ceramicalaranjal.com.br\/es\/wp-content\/uploads\/2025\/02\/05-Baixa-absorcao-agua-01-768x711.png 768w, https:\/\/ceramicalaranjal.com.br\/es\/wp-content\/uploads\/2025\/02\/05-Baixa-absorcao-agua-01.png 1358w\" sizes=\"(max-width: 800px) 100vw, 800px\" \/>\t\t\t\t\t\t\t\t\t\t\t\t\t\t\t<\/div>\n\t\t\t\t<\/div>\n\t\t\t\t<div class=\"elementor-element elementor-element-f10bf44 elementor-widget elementor-widget-heading\" data-id=\"f10bf44\" data-element_type=\"widget\" data-widget_type=\"heading.default\">\n\t\t\t\t<div class=\"elementor-widget-container\">\n\t\t\t\t\t<h3 class=\"elementor-heading-title elementor-size-default\">BAJA ABSORCI\u00d3N DE AGUA<\/h3>\t\t\t\t<\/div>\n\t\t\t\t<\/div>\n\t\t\t\t<div class=\"elementor-element elementor-element-1f8560e elementor-widget elementor-widget-heading\" data-id=\"1f8560e\" data-element_type=\"widget\" data-widget_type=\"heading.default\">\n\t\t\t\t<div class=\"elementor-widget-container\">\n\t\t\t\t\t<p class=\"elementor-heading-title elementor-size-default\">Resistente a la humedad, lo que garantiza durabilidad y evita problemas estructurales.<\/p>\t\t\t\t<\/div>\n\t\t\t\t<\/div>\n\t\t\t\t<\/div>\n\t\t<div class=\"elementor-element elementor-element-466804a e-con-full e-flex e-con e-child\" data-id=\"466804a\" data-element_type=\"container\">\n\t\t\t\t<div class=\"elementor-element elementor-element-992574b elementor-widget elementor-widget-image\" data-id=\"992574b\" data-element_type=\"widget\" data-widget_type=\"image.default\">\n\t\t\t\t<div class=\"elementor-widget-container\">\n\t\t\t\t\t\t\t\t\t\t\t\t\t\t\t<img loading=\"lazy\" decoding=\"async\" width=\"800\" height=\"572\" src=\"https:\/\/ceramicalaranjal.com.br\/es\/wp-content\/uploads\/2025\/02\/06-Conforto-termico-01-1024x732.png\" class=\"attachment-large size-large wp-image-650\" alt=\"\" srcset=\"https:\/\/ceramicalaranjal.com.br\/es\/wp-content\/uploads\/2025\/02\/06-Conforto-termico-01-1024x732.png 1024w, https:\/\/ceramicalaranjal.com.br\/es\/wp-content\/uploads\/2025\/02\/06-Conforto-termico-01-300x214.png 300w, https:\/\/ceramicalaranjal.com.br\/es\/wp-content\/uploads\/2025\/02\/06-Conforto-termico-01-768x549.png 768w, https:\/\/ceramicalaranjal.com.br\/es\/wp-content\/uploads\/2025\/02\/06-Conforto-termico-01-1536x1098.png 1536w, https:\/\/ceramicalaranjal.com.br\/es\/wp-content\/uploads\/2025\/02\/06-Conforto-termico-01-2048x1464.png 2048w\" sizes=\"(max-width: 800px) 100vw, 800px\" \/>\t\t\t\t\t\t\t\t\t\t\t\t\t\t\t<\/div>\n\t\t\t\t<\/div>\n\t\t\t\t<div class=\"elementor-element elementor-element-04f0946 elementor-widget elementor-widget-heading\" data-id=\"04f0946\" data-element_type=\"widget\" data-widget_type=\"heading.default\">\n\t\t\t\t<div class=\"elementor-widget-container\">\n\t\t\t\t\t<h3 class=\"elementor-heading-title elementor-size-default\">CONFORT T\u00c9RMICO Y AC\u00daSTICO<\/h3>\t\t\t\t<\/div>\n\t\t\t\t<\/div>\n\t\t\t\t<div class=\"elementor-element elementor-element-07fbd9d elementor-widget elementor-widget-heading\" data-id=\"07fbd9d\" data-element_type=\"widget\" data-widget_type=\"heading.default\">\n\t\t\t\t<div class=\"elementor-widget-container\">\n\t\t\t\t\t<p class=\"elementor-heading-title elementor-size-default\">Resistente a la humedad, lo que garantiza durabilidad y evita problemas estructurales.<\/p>\t\t\t\t<\/div>\n\t\t\t\t<\/div>\n\t\t\t\t<\/div>\n\t\t\t\t<\/div>\n\t\t\t\t<\/div>\n\t\t\t\t\t<\/div>\n\t\t\t\t<\/div>\n\t\t\t\t<\/div>\n\t\t","protected":false},"excerpt":{"rendered":"<p>Espiga La Teja Espiga es la opci\u00f3n ideal para proporcionar un acabado bonito y duradero. Garantiza un encuentro perfecto entre las aguas del tejado, ofreciendo un aspecto uniforme y elegante, adem\u00e1s de aumentar la durabilidad y evitar infiltraciones. 2,7 kg\/pieza *Todas las Tejas de Cer\u00e2mica Laranjal est\u00e1n disponibles tambi\u00e9n con acabado brillante impermeable. DESCARGAR MANUAL [&hellip;]<\/p>\n","protected":false},"author":1,"featured_media":0,"parent":0,"menu_order":0,"comment_status":"closed","ping_status":"closed","template":"","meta":{"footnotes":""},"class_list":["post-939","page","type-page","status-publish","hentry"],"_links":{"self":[{"href":"https:\/\/ceramicalaranjal.com.br\/es\/wp-json\/wp\/v2\/pages\/939","targetHints":{"allow":["GET"]}}],"collection":[{"href":"https:\/\/ceramicalaranjal.com.br\/es\/wp-json\/wp\/v2\/pages"}],"about":[{"href":"https:\/\/ceramicalaranjal.com.br\/es\/wp-json\/wp\/v2\/types\/page"}],"author":[{"embeddable":true,"href":"https:\/\/ceramicalaranjal.com.br\/es\/wp-json\/wp\/v2\/users\/1"}],"replies":[{"embeddable":true,"href":"https:\/\/ceramicalaranjal.com.br\/es\/wp-json\/wp\/v2\/comments?post=939"}],"version-history":[{"count":64,"href":"https:\/\/ceramicalaranjal.com.br\/es\/wp-json\/wp\/v2\/pages\/939\/revisions"}],"predecessor-version":[{"id":2755,"href":"https:\/\/ceramicalaranjal.com.br\/es\/wp-json\/wp\/v2\/pages\/939\/revisions\/2755"}],"wp:attachment":[{"href":"https:\/\/ceramicalaranjal.com.br\/es\/wp-json\/wp\/v2\/media?parent=939"}],"curies":[{"name":"wp","href":"https:\/\/api.w.org\/{rel}","templated":true}]}}