{"id":1423,"date":"2025-02-01T16:29:36","date_gmt":"2025-02-01T19:29:36","guid":{"rendered":"https:\/\/ceramicalaranjal.com.br\/pt\/?page_id=1423"},"modified":"2025-02-10T11:08:53","modified_gmt":"2025-02-10T14:08:53","slug":"seja-um-parceiro","status":"publish","type":"page","link":"https:\/\/ceramicalaranjal.com.br\/pt\/seja-um-parceiro\/","title":{"rendered":"Seja um Parceiro"},"content":{"rendered":"\t\t<div data-elementor-type=\"wp-page\" data-elementor-id=\"1423\" class=\"elementor elementor-1423\" data-elementor-post-type=\"page\">\n\t\t\t\t<div class=\"elementor-element elementor-element-eb75ce3 top-bg-header e-flex e-con-boxed e-con e-parent\" data-id=\"eb75ce3\" data-element_type=\"container\" data-settings=\"{&quot;background_background&quot;:&quot;classic&quot;}\">\n\t\t\t\t\t<div class=\"e-con-inner\">\n\t\t<div class=\"elementor-element elementor-element-f6f67c5 e-con-full e-flex e-con e-child\" data-id=\"f6f67c5\" data-element_type=\"container\">\n\t\t\t\t<div class=\"elementor-element elementor-element-8d6fedc elementor-invisible elementor-widget elementor-widget-heading\" data-id=\"8d6fedc\" data-element_type=\"widget\" data-settings=\"{&quot;_animation&quot;:&quot;fadeInRight&quot;,&quot;_animation_delay&quot;:750}\" data-widget_type=\"heading.default\">\n\t\t\t\t<div class=\"elementor-widget-container\">\n\t\t\t\t\t<h4 class=\"elementor-heading-title elementor-size-default\">Leve a Original para a sua loja.<\/h4>\t\t\t\t<\/div>\n\t\t\t\t<\/div>\n\t\t\t\t<div class=\"elementor-element elementor-element-19025c9 elementor-invisible elementor-widget elementor-widget-heading\" data-id=\"19025c9\" data-element_type=\"widget\" data-settings=\"{&quot;_animation&quot;:&quot;fadeInRight&quot;,&quot;_animation_delay&quot;:750}\" data-widget_type=\"heading.default\">\n\t\t\t\t<div class=\"elementor-widget-container\">\n\t\t\t\t\t<p class=\"elementor-heading-title elementor-size-default\">Ofere\u00e7a aos seus clientes a qualidade e a confian\u00e7a de uma marca pioneira no mercado.<\/p>\t\t\t\t<\/div>\n\t\t\t\t<\/div>\n\t\t\t\t<\/div>\n\t\t<div class=\"elementor-element elementor-element-0bd47f3 e-con-full e-flex e-con e-child\" data-id=\"0bd47f3\" data-element_type=\"container\">\n\t\t\t\t<div class=\"elementor-element elementor-element-4fe803c elementor-widget elementor-widget-image\" data-id=\"4fe803c\" data-element_type=\"widget\" data-widget_type=\"image.default\">\n\t\t\t\t<div class=\"elementor-widget-container\">\n\t\t\t\t\t\t\t\t\t\t\t\t\t\t\t<img fetchpriority=\"high\" decoding=\"async\" width=\"671\" height=\"250\" src=\"https:\/\/ceramicalaranjal.com.br\/pt\/wp-content\/uploads\/2025\/02\/Banner.png\" class=\"attachment-large size-large wp-image-1428\" alt=\"\" srcset=\"https:\/\/ceramicalaranjal.com.br\/pt\/wp-content\/uploads\/2025\/02\/Banner.png 671w, https:\/\/ceramicalaranjal.com.br\/pt\/wp-content\/uploads\/2025\/02\/Banner-300x112.png 300w\" sizes=\"(max-width: 671px) 100vw, 671px\" \/>\t\t\t\t\t\t\t\t\t\t\t\t\t\t\t<\/div>\n\t\t\t\t<\/div>\n\t\t\t\t<\/div>\n\t\t\t\t\t<\/div>\n\t\t\t\t<\/div>\n\t\t<div class=\"elementor-element elementor-element-1dcd459b e-flex e-con-boxed e-con e-parent\" data-id=\"1dcd459b\" data-element_type=\"container\">\n\t\t\t\t\t<div class=\"e-con-inner\">\n\t\t<div class=\"elementor-element elementor-element-3ff7d01 e-con-full e-flex e-con e-child\" data-id=\"3ff7d01\" data-element_type=\"container\">\n\t\t<div class=\"elementor-element elementor-element-10e464a1 e-con-full e-flex e-con e-child\" data-id=\"10e464a1\" data-element_type=\"container\">\n\t\t\t\t<div class=\"elementor-element elementor-element-789a2cb1 elementor-cta--skin-cover elementor-animated-content elementor-widget elementor-widget-call-to-action\" data-id=\"789a2cb1\" data-element_type=\"widget\" data-widget_type=\"call-to-action.default\">\n\t\t\t\t<div class=\"elementor-widget-container\">\n\t\t\t\t\t\t\t<div class=\"elementor-cta\">\n\t\t\t\t\t<div class=\"elementor-cta__bg-wrapper\">\n\t\t\t\t<div class=\"elementor-cta__bg elementor-bg\" style=\"background-image: url(https:\/\/ceramicalaranjal.com.br\/pt\/wp-content\/uploads\/2025\/01\/bg-lojista.png);\" role=\"img\" aria-label=\"bg-lojista\"><\/div>\n\t\t\t\t<div class=\"elementor-cta__bg-overlay\"><\/div>\n\t\t\t<\/div>\n\t\t\t\t\t\t\t<div class=\"elementor-cta__content\">\n\t\t\t\t\n\t\t\t\t\t\t\t\t\t<h3 class=\"elementor-cta__title elementor-cta__content-item elementor-content-item elementor-animated-item--grow\">\n\t\t\t\t\t\tDURABILIDADE\t\t\t\t\t<\/h3>\n\t\t\t\t\n\t\t\t\t\t\t\t\t\t<div class=\"elementor-cta__description elementor-cta__content-item elementor-content-item elementor-animated-item--grow\">\n\t\t\t\t\t\tDestaque-se com produtos que marcam presen\u00e7a em muitas gera\u00e7\u00f5es.\t\t\t\t\t<\/div>\n\t\t\t\t\n\t\t\t\t\t\t\t<\/div>\n\t\t\t\t\t\t<\/div>\n\t\t\t\t\t\t<\/div>\n\t\t\t\t<\/div>\n\t\t\t\t<\/div>\n\t\t<div class=\"elementor-element elementor-element-7fd2d22 e-con-full e-flex e-con e-child\" data-id=\"7fd2d22\" data-element_type=\"container\">\n\t\t\t\t<div class=\"elementor-element elementor-element-581e1d6c elementor-cta--skin-cover elementor-animated-content elementor-widget elementor-widget-call-to-action\" data-id=\"581e1d6c\" data-element_type=\"widget\" data-widget_type=\"call-to-action.default\">\n\t\t\t\t<div class=\"elementor-widget-container\">\n\t\t\t\t\t\t\t<div class=\"elementor-cta\">\n\t\t\t\t\t<div class=\"elementor-cta__bg-wrapper\">\n\t\t\t\t<div class=\"elementor-cta__bg elementor-bg\" style=\"background-image: url(https:\/\/ceramicalaranjal.com.br\/pt\/wp-content\/uploads\/2025\/01\/bg-lojista.png);\" role=\"img\" aria-label=\"bg-lojista\"><\/div>\n\t\t\t\t<div class=\"elementor-cta__bg-overlay\"><\/div>\n\t\t\t<\/div>\n\t\t\t\t\t\t\t<div class=\"elementor-cta__content\">\n\t\t\t\t\n\t\t\t\t\t\t\t\t\t<h3 class=\"elementor-cta__title elementor-cta__content-item elementor-content-item elementor-animated-item--grow\">\n\t\t\t\t\t\tCREDIBILIDADE\t\t\t\t\t<\/h3>\n\t\t\t\t\n\t\t\t\t\t\t\t\t\t<div class=\"elementor-cta__description elementor-cta__content-item elementor-content-item elementor-animated-item--grow\">\n\t\t\t\t\t\tProporcione aos seus clientes a tranquilidade de telhas que garantem seguran\u00e7a e durabilidade.\t\t\t\t\t<\/div>\n\t\t\t\t\n\t\t\t\t\t\t\t<\/div>\n\t\t\t\t\t\t<\/div>\n\t\t\t\t\t\t<\/div>\n\t\t\t\t<\/div>\n\t\t\t\t<\/div>\n\t\t<div class=\"elementor-element elementor-element-30cd7a0f e-con-full e-flex e-con e-child\" data-id=\"30cd7a0f\" data-element_type=\"container\">\n\t\t\t\t<div class=\"elementor-element elementor-element-52caea2b elementor-cta--skin-cover elementor-animated-content elementor-widget elementor-widget-call-to-action\" data-id=\"52caea2b\" data-element_type=\"widget\" data-widget_type=\"call-to-action.default\">\n\t\t\t\t<div class=\"elementor-widget-container\">\n\t\t\t\t\t\t\t<div class=\"elementor-cta\">\n\t\t\t\t\t<div class=\"elementor-cta__bg-wrapper\">\n\t\t\t\t<div class=\"elementor-cta__bg elementor-bg\" style=\"background-image: url(https:\/\/ceramicalaranjal.com.br\/pt\/wp-content\/uploads\/2025\/01\/bg-lojista.png);\" role=\"img\" aria-label=\"bg-lojista\"><\/div>\n\t\t\t\t<div class=\"elementor-cta__bg-overlay\"><\/div>\n\t\t\t<\/div>\n\t\t\t\t\t\t\t<div class=\"elementor-cta__content\">\n\t\t\t\t\n\t\t\t\t\t\t\t\t\t<h3 class=\"elementor-cta__title elementor-cta__content-item elementor-content-item elementor-animated-item--grow\">\n\t\t\t\t\t\tPRECIS\u00c3O\t\t\t\t\t<\/h3>\n\t\t\t\t\n\t\t\t\t\t\t\t\t\t<div class=\"elementor-cta__description elementor-cta__content-item elementor-content-item elementor-animated-item--grow\">\n\t\t\t\t\t\tEncante com a beleza e o cuidado em cada detalhe das nossas telhas.\t\t\t\t\t<\/div>\n\t\t\t\t\n\t\t\t\t\t\t\t<\/div>\n\t\t\t\t\t\t<\/div>\n\t\t\t\t\t\t<\/div>\n\t\t\t\t<\/div>\n\t\t\t\t<\/div>\n\t\t\t\t<\/div>\n\t\t<div class=\"elementor-element elementor-element-ec34193 e-con-full e-flex e-con e-child\" data-id=\"ec34193\" data-element_type=\"container\">\n\t\t<div class=\"elementor-element elementor-element-7fce7ef e-con-full e-flex e-con e-child\" data-id=\"7fce7ef\" data-element_type=\"container\">\n\t\t\t\t<div class=\"elementor-element elementor-element-f91159a elementor-cta--skin-cover elementor-animated-content elementor-widget elementor-widget-call-to-action\" data-id=\"f91159a\" data-element_type=\"widget\" data-widget_type=\"call-to-action.default\">\n\t\t\t\t<div class=\"elementor-widget-container\">\n\t\t\t\t\t\t\t<div class=\"elementor-cta\">\n\t\t\t\t\t<div class=\"elementor-cta__bg-wrapper\">\n\t\t\t\t<div class=\"elementor-cta__bg elementor-bg\" style=\"background-image: url(https:\/\/ceramicalaranjal.com.br\/pt\/wp-content\/uploads\/2025\/01\/bg-lojista.png);\" role=\"img\" aria-label=\"bg-lojista\"><\/div>\n\t\t\t\t<div class=\"elementor-cta__bg-overlay\"><\/div>\n\t\t\t<\/div>\n\t\t\t\t\t\t\t<div class=\"elementor-cta__content\">\n\t\t\t\t\n\t\t\t\t\t\t\t\t\t<h3 class=\"elementor-cta__title elementor-cta__content-item elementor-content-item elementor-animated-item--grow\">\n\t\t\t\t\t\tVARIEDADE\t\t\t\t\t<\/h3>\n\t\t\t\t\n\t\t\t\t\t\t\t\t\t<div class=\"elementor-cta__description elementor-cta__content-item elementor-content-item elementor-animated-item--grow\">\n\t\t\t\t\t\tAmplie suas op\u00e7\u00f5es com uma extensa gama de modelos e cores, atendendo a diferentes estilos e necessidades de seus clientes.\t\t\t\t\t<\/div>\n\t\t\t\t\n\t\t\t\t\t\t\t<\/div>\n\t\t\t\t\t\t<\/div>\n\t\t\t\t\t\t<\/div>\n\t\t\t\t<\/div>\n\t\t\t\t<\/div>\n\t\t<div class=\"elementor-element elementor-element-f8f8435 e-con-full e-flex e-con e-child\" data-id=\"f8f8435\" data-element_type=\"container\">\n\t\t\t\t<div class=\"elementor-element elementor-element-5e2e20f elementor-cta--skin-cover elementor-animated-content elementor-widget elementor-widget-call-to-action\" data-id=\"5e2e20f\" data-element_type=\"widget\" data-widget_type=\"call-to-action.default\">\n\t\t\t\t<div class=\"elementor-widget-container\">\n\t\t\t\t\t\t\t<div class=\"elementor-cta\">\n\t\t\t\t\t<div class=\"elementor-cta__bg-wrapper\">\n\t\t\t\t<div class=\"elementor-cta__bg elementor-bg\" style=\"background-image: url(https:\/\/ceramicalaranjal.com.br\/pt\/wp-content\/uploads\/2025\/01\/bg-lojista.png);\" role=\"img\" aria-label=\"bg-lojista\"><\/div>\n\t\t\t\t<div class=\"elementor-cta__bg-overlay\"><\/div>\n\t\t\t<\/div>\n\t\t\t\t\t\t\t<div class=\"elementor-cta__content\">\n\t\t\t\t\n\t\t\t\t\t\t\t\t\t<h3 class=\"elementor-cta__title elementor-cta__content-item elementor-content-item elementor-animated-item--grow\">\n\t\t\t\t\t\tSUSTENTABILIDADE\t\t\t\t\t<\/h3>\n\t\t\t\t\n\t\t\t\t\t\t\t\t\t<div class=\"elementor-cta__description elementor-cta__content-item elementor-content-item elementor-animated-item--grow\">\n\t\t\t\t\t\tOfere\u00e7a produtos eco-friendly que respeitam o meio ambiente, atraindo consumidores que valorizam pr\u00e1ticas respons\u00e1veis.\t\t\t\t\t<\/div>\n\t\t\t\t\n\t\t\t\t\t\t\t<\/div>\n\t\t\t\t\t\t<\/div>\n\t\t\t\t\t\t<\/div>\n\t\t\t\t<\/div>\n\t\t\t\t<\/div>\n\t\t<div class=\"elementor-element elementor-element-d323fea e-con-full e-flex e-con e-child\" data-id=\"d323fea\" data-element_type=\"container\">\n\t\t\t\t<div class=\"elementor-element elementor-element-fcd158f elementor-cta--skin-cover elementor-animated-content elementor-widget elementor-widget-call-to-action\" data-id=\"fcd158f\" data-element_type=\"widget\" data-widget_type=\"call-to-action.default\">\n\t\t\t\t<div class=\"elementor-widget-container\">\n\t\t\t\t\t\t\t<div class=\"elementor-cta\">\n\t\t\t\t\t<div class=\"elementor-cta__bg-wrapper\">\n\t\t\t\t<div class=\"elementor-cta__bg elementor-bg\" style=\"background-image: url(https:\/\/ceramicalaranjal.com.br\/pt\/wp-content\/uploads\/2025\/01\/bg-lojista.png);\" role=\"img\" aria-label=\"bg-lojista\"><\/div>\n\t\t\t\t<div class=\"elementor-cta__bg-overlay\"><\/div>\n\t\t\t<\/div>\n\t\t\t\t\t\t\t<div class=\"elementor-cta__content\">\n\t\t\t\t\n\t\t\t\t\t\t\t\t\t<h3 class=\"elementor-cta__title elementor-cta__content-item elementor-content-item elementor-animated-item--grow\">\n\t\t\t\t\t\tSUPORTE\t\t\t\t\t<\/h3>\n\t\t\t\t\n\t\t\t\t\t\t\t\t\t<div class=\"elementor-cta__description elementor-cta__content-item elementor-content-item elementor-animated-item--grow\">\n\t\t\t\t\t\tConte com nosso atendimento dedicado, pronto para auxiliar em todas as etapas da venda, garantindo uma experi\u00eancia excepcional para voc\u00ea e seus clientes.\n\t\t\t\t\t<\/div>\n\t\t\t\t\n\t\t\t\t\t\t\t<\/div>\n\t\t\t\t\t\t<\/div>\n\t\t\t\t\t\t<\/div>\n\t\t\t\t<\/div>\n\t\t\t\t<\/div>\n\t\t\t\t<\/div>\n\t\t\t\t<div class=\"elementor-element elementor-element-52115f5e elementor-align-center elementor-widget elementor-widget-button\" data-id=\"52115f5e\" data-element_type=\"widget\" data-widget_type=\"button.default\">\n\t\t\t\t<div class=\"elementor-widget-container\">\n\t\t\t\t\t\t\t\t\t<div class=\"elementor-button-wrapper\">\n\t\t\t\t\t<a class=\"elementor-button elementor-button-link elementor-size-sm\" href=\"https:\/\/ceramicalaranjal.com.br\/pt\/contato\/\">\n\t\t\t\t\t\t<span class=\"elementor-button-content-wrapper\">\n\t\t\t\t\t\t\t\t\t<span class=\"elementor-button-text\">SEJA UM LOJISTA PARCEIRO<\/span>\n\t\t\t\t\t<\/span>\n\t\t\t\t\t<\/a>\n\t\t\t\t<\/div>\n\t\t\t\t\t\t\t\t<\/div>\n\t\t\t\t<\/div>\n\t\t\t\t\t<\/div>\n\t\t\t\t<\/div>\n\t\t<div class=\"elementor-element elementor-element-6ef28ff e-con-full e-flex e-con e-parent\" data-id=\"6ef28ff\" data-element_type=\"container\" data-settings=\"{&quot;background_background&quot;:&quot;classic&quot;}\">\n\t\t<div class=\"elementor-element elementor-element-951f0f5 e-con-full e-flex e-con e-child\" data-id=\"951f0f5\" data-element_type=\"container\">\n\t\t\t\t<div class=\"elementor-element elementor-element-dbdd617 elementor-invisible elementor-widget elementor-widget-image\" data-id=\"dbdd617\" data-element_type=\"widget\" data-settings=\"{&quot;_animation&quot;:&quot;fadeIn&quot;}\" data-widget_type=\"image.default\">\n\t\t\t\t<div class=\"elementor-widget-container\">\n\t\t\t\t\t\t\t\t\t\t\t\t\t\t\t<img decoding=\"async\" width=\"774\" height=\"550\" src=\"https:\/\/ceramicalaranjal.com.br\/pt\/wp-content\/uploads\/2025\/02\/Banner-escolha-ceramica.png\" class=\"attachment-large size-large wp-image-1459\" alt=\"\" srcset=\"https:\/\/ceramicalaranjal.com.br\/pt\/wp-content\/uploads\/2025\/02\/Banner-escolha-ceramica.png 774w, https:\/\/ceramicalaranjal.com.br\/pt\/wp-content\/uploads\/2025\/02\/Banner-escolha-ceramica-300x213.png 300w, https:\/\/ceramicalaranjal.com.br\/pt\/wp-content\/uploads\/2025\/02\/Banner-escolha-ceramica-768x546.png 768w\" sizes=\"(max-width: 774px) 100vw, 774px\" \/>\t\t\t\t\t\t\t\t\t\t\t\t\t\t\t<\/div>\n\t\t\t\t<\/div>\n\t\t\t\t<\/div>\n\t\t<div class=\"elementor-element elementor-element-da74e8a e-con-full e-flex e-con e-child\" data-id=\"da74e8a\" data-element_type=\"container\">\n\t\t\t\t<div class=\"elementor-element elementor-element-ba00916 elementor-invisible elementor-widget elementor-widget-heading\" data-id=\"ba00916\" data-element_type=\"widget\" data-settings=\"{&quot;_animation&quot;:&quot;fadeInUp&quot;}\" data-widget_type=\"heading.default\">\n\t\t\t\t<div class=\"elementor-widget-container\">\n\t\t\t\t\t<h2 class=\"elementor-heading-title elementor-size-default\">Escolha a Cer\u00e2mica\nLaranjal<\/h2>\t\t\t\t<\/div>\n\t\t\t\t<\/div>\n\t\t\t\t<div class=\"elementor-element elementor-element-8e597bf elementor-invisible elementor-widget elementor-widget-heading\" data-id=\"8e597bf\" data-element_type=\"widget\" data-settings=\"{&quot;_animation&quot;:&quot;fadeInRight&quot;,&quot;_animation_delay&quot;:250}\" data-widget_type=\"heading.default\">\n\t\t\t\t<div class=\"elementor-widget-container\">\n\t\t\t\t\t<p class=\"elementor-heading-title elementor-size-default\">Descubra as vantagens de trabalhar com nossas telhas de qualidade que combinam tradi\u00e7\u00e3o e inova\u00e7\u00e3o. Nossa equipe est\u00e1 pronta para fornecer informa\u00e7\u00f5es detalhadas e suporte personalizado, garantindo uma parceria s\u00f3lida e lucrativa. Junte-se a n\u00f3s e descubra a verdadeira ess\u00eancia da cer\u00e2mica.<\/p>\t\t\t\t<\/div>\n\t\t\t\t<\/div>\n\t\t\t\t<div class=\"elementor-element elementor-element-fe4285f elementor-invisible elementor-widget elementor-widget-button\" data-id=\"fe4285f\" data-element_type=\"widget\" data-settings=\"{&quot;_animation&quot;:&quot;fadeInDown&quot;,&quot;_animation_delay&quot;:500}\" data-widget_type=\"button.default\">\n\t\t\t\t<div class=\"elementor-widget-container\">\n\t\t\t\t\t\t\t\t\t<div class=\"elementor-button-wrapper\">\n\t\t\t\t\t<a class=\"elementor-button elementor-button-link elementor-size-sm\" href=\"https:\/\/ceramicalaranjal.com.br\/pt\/contato\/\">\n\t\t\t\t\t\t<span class=\"elementor-button-content-wrapper\">\n\t\t\t\t\t\t\t\t\t<span class=\"elementor-button-text\">FALE CONOSCO<\/span>\n\t\t\t\t\t<\/span>\n\t\t\t\t\t<\/a>\n\t\t\t\t<\/div>\n\t\t\t\t\t\t\t\t<\/div>\n\t\t\t\t<\/div>\n\t\t\t\t<\/div>\n\t\t\t\t<\/div>\n\t\t<div class=\"elementor-element elementor-element-ea85e7c e-flex e-con-boxed e-con e-parent\" data-id=\"ea85e7c\" data-element_type=\"container\" data-settings=\"{&quot;background_background&quot;:&quot;classic&quot;}\">\n\t\t\t\t\t<div class=\"e-con-inner\">\n\t\t<div class=\"elementor-element elementor-element-69fdce44 e-con-full e-flex e-con e-child\" data-id=\"69fdce44\" data-element_type=\"container\">\n\t\t\t\t<div class=\"elementor-element elementor-element-7a8276bc contador elementor-widget elementor-widget-counter\" data-id=\"7a8276bc\" data-element_type=\"widget\" data-widget_type=\"counter.default\">\n\t\t\t\t<div class=\"elementor-widget-container\">\n\t\t\t\t\t\t\t<div class=\"elementor-counter\">\n\t\t\t<div class=\"elementor-counter-title\">Telhas produzidas mensalmente<br> nos colocando na lideran\u00e7a do mercado.<\/div>\t\t\t<div class=\"elementor-counter-number-wrapper\">\n\t\t\t\t<span class=\"elementor-counter-number-prefix\"><\/span>\n\t\t\t\t<span class=\"elementor-counter-number\" data-duration=\"2000\" data-to-value=\"1.8\" data-from-value=\"0\">0<\/span>\n\t\t\t\t<span class=\"elementor-counter-number-suffix\"> milh\u00f5es<\/span>\n\t\t\t<\/div>\n\t\t<\/div>\n\t\t\t\t\t\t<\/div>\n\t\t\t\t<\/div>\n\t\t\t\t<\/div>\n\t\t<div class=\"elementor-element elementor-element-2ee2b2f1 e-con-full e-flex e-con e-child\" data-id=\"2ee2b2f1\" data-element_type=\"container\">\n\t\t\t\t<div class=\"elementor-element elementor-element-169b82b9 contador elementor-widget elementor-widget-counter\" data-id=\"169b82b9\" data-element_type=\"widget\" data-widget_type=\"counter.default\">\n\t\t\t\t<div class=\"elementor-widget-container\">\n\t\t\t\t\t\t\t<div class=\"elementor-counter\">\n\t\t\t<div class=\"elementor-counter-title\">Colaboradores com uma equipe unida e diversificada, <br>sempre em crescimento.<\/div>\t\t\t<div class=\"elementor-counter-number-wrapper\">\n\t\t\t\t<span class=\"elementor-counter-number-prefix\"><\/span>\n\t\t\t\t<span class=\"elementor-counter-number\" data-duration=\"2000\" data-to-value=\"100\" data-from-value=\"0\" data-delimiter=\",\">0<\/span>\n\t\t\t\t<span class=\"elementor-counter-number-suffix\"> +<\/span>\n\t\t\t<\/div>\n\t\t<\/div>\n\t\t\t\t\t\t<\/div>\n\t\t\t\t<\/div>\n\t\t\t\t<\/div>\n\t\t<div class=\"elementor-element elementor-element-376dc980 e-con-full e-flex e-con e-child\" data-id=\"376dc980\" data-element_type=\"container\">\n\t\t\t\t<div class=\"elementor-element elementor-element-7a630ace contador elementor-widget elementor-widget-counter\" data-id=\"7a630ace\" data-element_type=\"widget\" data-widget_type=\"counter.default\">\n\t\t\t\t<div class=\"elementor-widget-container\">\n\t\t\t\t\t\t\t<div class=\"elementor-counter\">\n\t\t\t<div class=\"elementor-counter-title\">Anos de atua\u00e7\u00e3o com tradi\u00e7\u00e3o, <br>excel\u00eancia e inova\u00e7\u00e3o no setor.<\/div>\t\t\t<div class=\"elementor-counter-number-wrapper\">\n\t\t\t\t<span class=\"elementor-counter-number-prefix\"><\/span>\n\t\t\t\t<span class=\"elementor-counter-number\" data-duration=\"2000\" data-to-value=\"35\" data-from-value=\"0\" data-delimiter=\",\">0<\/span>\n\t\t\t\t<span class=\"elementor-counter-number-suffix\"> +<\/span>\n\t\t\t<\/div>\n\t\t<\/div>\n\t\t\t\t\t\t<\/div>\n\t\t\t\t<\/div>\n\t\t\t\t<div class=\"elementor-element elementor-element-3497fed4 elementor-widget elementor-widget-html\" data-id=\"3497fed4\" data-element_type=\"widget\" data-widget_type=\"html.default\">\n\t\t\t\t<div class=\"elementor-widget-container\">\n\t\t\t\t\t<style>\n.contador{text-align: center;\n<\/style>\t\t\t\t<\/div>\n\t\t\t\t<\/div>\n\t\t\t\t<\/div>\n\t\t\t\t\t<\/div>\n\t\t\t\t<\/div>\n\t\t<div class=\"elementor-element elementor-element-383235c e-flex e-con-boxed e-con e-parent\" data-id=\"383235c\" data-element_type=\"container\">\n\t\t\t\t\t<div class=\"e-con-inner\">\n\t\t<div class=\"elementor-element elementor-element-ea06183 e-con-full e-flex e-con e-child\" data-id=\"ea06183\" data-element_type=\"container\">\n\t\t\t\t<div class=\"elementor-element elementor-element-e7ae6d1 elementor-invisible elementor-widget elementor-widget-heading\" data-id=\"e7ae6d1\" data-element_type=\"widget\" data-settings=\"{&quot;_animation&quot;:&quot;fadeInRight&quot;,&quot;_animation_delay&quot;:750}\" data-widget_type=\"heading.default\">\n\t\t\t\t<div class=\"elementor-widget-container\">\n\t\t\t\t\t<h4 class=\"elementor-heading-title elementor-size-default\">Software de quantifica\u00e7\u00e3o\nde telhas<\/h4>\t\t\t\t<\/div>\n\t\t\t\t<\/div>\n\t\t\t\t<div class=\"elementor-element elementor-element-f09d0aa elementor-invisible elementor-widget elementor-widget-heading\" data-id=\"f09d0aa\" data-element_type=\"widget\" data-settings=\"{&quot;_animation&quot;:&quot;fadeInRight&quot;,&quot;_animation_delay&quot;:250}\" data-widget_type=\"heading.default\">\n\t\t\t\t<div class=\"elementor-widget-container\">\n\t\t\t\t\t<p class=\"elementor-heading-title elementor-size-default\">Descubra esta ferramenta inovadora, criada para facilitar\na contagem precisa de telhas para profissionais e consumidores. Com o TELHAS FAULIM 1.0, \u00e9 poss\u00edvel calcular a \u00e1rea quadrada do telhado, a altura do oit\u00e3o e o pano inclinado, otimizando as compras e assegurando a quantidade exata de material necess\u00e1rio para cada projeto. Minimize desperd\u00edcios com esta solu\u00e7\u00e3o eficiente e pr\u00e1tica.<\/p>\t\t\t\t<\/div>\n\t\t\t\t<\/div>\n\t\t\t\t<div class=\"elementor-element elementor-element-2c8e999 elementor-widget elementor-widget-button\" data-id=\"2c8e999\" data-element_type=\"widget\" data-widget_type=\"button.default\">\n\t\t\t\t<div class=\"elementor-widget-container\">\n\t\t\t\t\t\t\t\t\t<div class=\"elementor-button-wrapper\">\n\t\t\t\t\t<a class=\"elementor-button elementor-button-link elementor-size-sm\" href=\"https:\/\/sistemasfaulim.com.br\/\" target=\"_blank\">\n\t\t\t\t\t\t<span class=\"elementor-button-content-wrapper\">\n\t\t\t\t\t\t\t\t\t<span class=\"elementor-button-text\">SAIBA MAIS<\/span>\n\t\t\t\t\t<\/span>\n\t\t\t\t\t<\/a>\n\t\t\t\t<\/div>\n\t\t\t\t\t\t\t\t<\/div>\n\t\t\t\t<\/div>\n\t\t\t\t<\/div>\n\t\t<div class=\"elementor-element elementor-element-ab6fde6 e-con-full e-flex e-con e-child\" data-id=\"ab6fde6\" data-element_type=\"container\">\n\t\t\t\t<div class=\"elementor-element elementor-element-0406144 elementor-widget elementor-widget-image\" data-id=\"0406144\" data-element_type=\"widget\" data-widget_type=\"image.default\">\n\t\t\t\t<div class=\"elementor-widget-container\">\n\t\t\t\t\t\t\t\t\t\t\t\t\t\t\t<img decoding=\"async\" width=\"800\" height=\"521\" src=\"https:\/\/ceramicalaranjal.com.br\/pt\/wp-content\/uploads\/2025\/02\/Imagem-Software.png\" class=\"attachment-large size-large wp-image-1491\" alt=\"\" srcset=\"https:\/\/ceramicalaranjal.com.br\/pt\/wp-content\/uploads\/2025\/02\/Imagem-Software.png 802w, https:\/\/ceramicalaranjal.com.br\/pt\/wp-content\/uploads\/2025\/02\/Imagem-Software-300x195.png 300w, https:\/\/ceramicalaranjal.com.br\/pt\/wp-content\/uploads\/2025\/02\/Imagem-Software-768x500.png 768w\" sizes=\"(max-width: 800px) 100vw, 800px\" \/>\t\t\t\t\t\t\t\t\t\t\t\t\t\t\t<\/div>\n\t\t\t\t<\/div>\n\t\t\t\t<\/div>\n\t\t\t\t\t<\/div>\n\t\t\t\t<\/div>\n\t\t\t\t<\/div>\n\t\t","protected":false},"excerpt":{"rendered":"<p>Leve a Original para a sua loja. Ofere\u00e7a aos seus clientes a qualidade e a confian\u00e7a de uma marca pioneira no mercado. DURABILIDADE Destaque-se com produtos que marcam presen\u00e7a em muitas gera\u00e7\u00f5es. CREDIBILIDADE Proporcione aos seus clientes a tranquilidade de telhas que garantem seguran\u00e7a e durabilidade. PRECIS\u00c3O Encante com a beleza e o cuidado em [&hellip;]<\/p>\n","protected":false},"author":1,"featured_media":0,"parent":0,"menu_order":0,"comment_status":"closed","ping_status":"closed","template":"","meta":{"footnotes":""},"class_list":["post-1423","page","type-page","status-publish","hentry"],"_links":{"self":[{"href":"https:\/\/ceramicalaranjal.com.br\/pt\/wp-json\/wp\/v2\/pages\/1423","targetHints":{"allow":["GET"]}}],"collection":[{"href":"https:\/\/ceramicalaranjal.com.br\/pt\/wp-json\/wp\/v2\/pages"}],"about":[{"href":"https:\/\/ceramicalaranjal.com.br\/pt\/wp-json\/wp\/v2\/types\/page"}],"author":[{"embeddable":true,"href":"https:\/\/ceramicalaranjal.com.br\/pt\/wp-json\/wp\/v2\/users\/1"}],"replies":[{"embeddable":true,"href":"https:\/\/ceramicalaranjal.com.br\/pt\/wp-json\/wp\/v2\/comments?post=1423"}],"version-history":[{"count":91,"href":"https:\/\/ceramicalaranjal.com.br\/pt\/wp-json\/wp\/v2\/pages\/1423\/revisions"}],"predecessor-version":[{"id":1878,"href":"https:\/\/ceramicalaranjal.com.br\/pt\/wp-json\/wp\/v2\/pages\/1423\/revisions\/1878"}],"wp:attachment":[{"href":"https:\/\/ceramicalaranjal.com.br\/pt\/wp-json\/wp\/v2\/media?parent=1423"}],"curies":[{"name":"wp","href":"https:\/\/api.w.org\/{rel}","templated":true}]}}