{"id":396,"date":"2025-01-29T10:04:58","date_gmt":"2025-01-29T13:04:58","guid":{"rendered":"https:\/\/ceramicalaranjal.com.br\/pt\/?page_id=396"},"modified":"2025-08-04T09:40:50","modified_gmt":"2025-08-04T12:40:50","slug":"produtos","status":"publish","type":"page","link":"https:\/\/ceramicalaranjal.com.br\/pt\/produtos\/","title":{"rendered":"Produtos"},"content":{"rendered":"\t\t<div data-elementor-type=\"wp-page\" data-elementor-id=\"396\" class=\"elementor elementor-396\" data-elementor-post-type=\"page\">\n\t\t\t\t<div class=\"elementor-element elementor-element-eb75ce3 top-bg-header e-flex e-con-boxed e-con e-parent\" data-id=\"eb75ce3\" data-element_type=\"container\" data-settings=\"{&quot;background_background&quot;:&quot;classic&quot;}\">\n\t\t\t\t\t<div class=\"e-con-inner\">\n\t\t<div class=\"elementor-element elementor-element-f6f67c5 e-con-full e-flex e-con e-child\" data-id=\"f6f67c5\" data-element_type=\"container\">\n\t\t\t\t<div class=\"elementor-element elementor-element-8d6fedc elementor-invisible elementor-widget elementor-widget-heading\" data-id=\"8d6fedc\" data-element_type=\"widget\" data-settings=\"{&quot;_animation&quot;:&quot;fadeInRight&quot;,&quot;_animation_delay&quot;:750}\" data-widget_type=\"heading.default\">\n\t\t\t\t<div class=\"elementor-widget-container\">\n\t\t\t\t\t<h4 class=\"elementor-heading-title elementor-size-default\">Telhas que protegem lares duradouros,\nencantadores e cheios de mem\u00f3rias.<\/h4>\t\t\t\t<\/div>\n\t\t\t\t<\/div>\n\t\t\t\t<\/div>\n\t\t<div class=\"elementor-element elementor-element-0bd47f3 e-con-full e-flex e-con e-child\" data-id=\"0bd47f3\" data-element_type=\"container\">\n\t\t\t\t<div class=\"elementor-element elementor-element-4fe803c elementor-widget elementor-widget-image\" data-id=\"4fe803c\" data-element_type=\"widget\" data-widget_type=\"image.default\">\n\t\t\t\t<div class=\"elementor-widget-container\">\n\t\t\t\t\t\t\t\t\t\t\t\t\t\t\t<img fetchpriority=\"high\" decoding=\"async\" width=\"611\" height=\"250\" src=\"https:\/\/ceramicalaranjal.com.br\/pt\/wp-content\/uploads\/2025\/02\/Banner-fixo-mercadao.png\" class=\"attachment-large size-large wp-image-1916\" alt=\"\" srcset=\"https:\/\/ceramicalaranjal.com.br\/pt\/wp-content\/uploads\/2025\/02\/Banner-fixo-mercadao.png 611w, https:\/\/ceramicalaranjal.com.br\/pt\/wp-content\/uploads\/2025\/02\/Banner-fixo-mercadao-300x123.png 300w\" sizes=\"(max-width: 611px) 100vw, 611px\" \/>\t\t\t\t\t\t\t\t\t\t\t\t\t\t\t<\/div>\n\t\t\t\t<\/div>\n\t\t\t\t<\/div>\n\t\t\t\t\t<\/div>\n\t\t\t\t<\/div>\n\t\t<div class=\"elementor-element elementor-element-18cd672 e-flex e-con-boxed e-con e-parent\" data-id=\"18cd672\" data-element_type=\"container\">\n\t\t\t\t\t<div class=\"e-con-inner\">\n\t\t\t\t<div class=\"elementor-element elementor-element-8379133 elementor-widget elementor-widget-heading\" data-id=\"8379133\" data-element_type=\"widget\" data-widget_type=\"heading.default\">\n\t\t\t\t<div class=\"elementor-widget-container\">\n\t\t\t\t\t<h2 class=\"elementor-heading-title elementor-size-default\">A Original se v\u00ea de longe.<\/h2>\t\t\t\t<\/div>\n\t\t\t\t<\/div>\n\t\t\t\t<div class=\"elementor-element elementor-element-ec6a26a elementor-widget elementor-widget-heading\" data-id=\"ec6a26a\" data-element_type=\"widget\" data-widget_type=\"heading.default\">\n\t\t\t\t<div class=\"elementor-widget-container\">\n\t\t\t\t\t<p class=\"elementor-heading-title elementor-size-default\">Nossas telhas cer\u00e2micas s\u00e3o sin\u00f4nimo de qualidade e estilo, fabricadas com argila de alta performance, prontas para transformar qualquer projeto em uma obra-prima.<\/p>\t\t\t\t<\/div>\n\t\t\t\t<\/div>\n\t\t<div class=\"elementor-element elementor-element-523f9ee e-con-full e-flex e-con e-child\" data-id=\"523f9ee\" data-element_type=\"container\">\n\t\t\t\t<div class=\"elementor-element elementor-element-d6654c0 elementor-cta--skin-cover elementor-cta--valign-top elementor-widget__width-initial elementor-animated-content elementor-bg-transform elementor-bg-transform-zoom-in elementor-widget elementor-widget-call-to-action\" data-id=\"d6654c0\" data-element_type=\"widget\" data-widget_type=\"call-to-action.default\">\n\t\t\t\t<div class=\"elementor-widget-container\">\n\t\t\t\t\t\t\t<a class=\"elementor-cta\" href=\"https:\/\/ceramicalaranjal.com.br\/pt\/portuguesa\/\">\n\t\t\t\t\t<div class=\"elementor-cta__bg-wrapper\">\n\t\t\t\t<div class=\"elementor-cta__bg elementor-bg\" style=\"background-image: url(https:\/\/ceramicalaranjal.com.br\/pt\/wp-content\/uploads\/2025\/08\/portuguesa.png);\" role=\"img\" aria-label=\"portuguesa\"><\/div>\n\t\t\t\t<div class=\"elementor-cta__bg-overlay\"><\/div>\n\t\t\t<\/div>\n\t\t\t\t\t\t\t<div class=\"elementor-cta__content\">\n\t\t\t\t\n\t\t\t\t\t\t\t\t\t<h2 class=\"elementor-cta__title elementor-cta__content-item elementor-content-item elementor-animated-item--grow\">\n\t\t\t\t\t\tPortuguesa\t\t\t\t\t<\/h2>\n\t\t\t\t\n\t\t\t\t\n\t\t\t\t\t\t\t<\/div>\n\t\t\t\t\t\t<\/a>\n\t\t\t\t\t\t<\/div>\n\t\t\t\t<\/div>\n\t\t\t\t<div class=\"elementor-element elementor-element-c5b4721 elementor-cta--skin-cover elementor-cta--valign-top elementor-widget__width-initial elementor-animated-content elementor-bg-transform elementor-bg-transform-zoom-in elementor-widget elementor-widget-call-to-action\" data-id=\"c5b4721\" data-element_type=\"widget\" data-widget_type=\"call-to-action.default\">\n\t\t\t\t<div class=\"elementor-widget-container\">\n\t\t\t\t\t\t\t<a class=\"elementor-cta\" href=\"https:\/\/ceramicalaranjal.com.br\/pt\/romana\/\">\n\t\t\t\t\t<div class=\"elementor-cta__bg-wrapper\">\n\t\t\t\t<div class=\"elementor-cta__bg elementor-bg\" style=\"background-image: url(https:\/\/ceramicalaranjal.com.br\/pt\/wp-content\/uploads\/2025\/01\/romana.png);\" role=\"img\" aria-label=\"romana\"><\/div>\n\t\t\t\t<div class=\"elementor-cta__bg-overlay\"><\/div>\n\t\t\t<\/div>\n\t\t\t\t\t\t\t<div class=\"elementor-cta__content\">\n\t\t\t\t\n\t\t\t\t\t\t\t\t\t<h2 class=\"elementor-cta__title elementor-cta__content-item elementor-content-item elementor-animated-item--grow\">\n\t\t\t\t\t\tRomana\t\t\t\t\t<\/h2>\n\t\t\t\t\n\t\t\t\t\n\t\t\t\t\t\t\t<\/div>\n\t\t\t\t\t\t<\/a>\n\t\t\t\t\t\t<\/div>\n\t\t\t\t<\/div>\n\t\t\t\t<div class=\"elementor-element elementor-element-460ce64 elementor-cta--skin-cover elementor-cta--valign-top elementor-widget__width-initial elementor-animated-content elementor-bg-transform elementor-bg-transform-zoom-in elementor-widget elementor-widget-call-to-action\" data-id=\"460ce64\" data-element_type=\"widget\" data-widget_type=\"call-to-action.default\">\n\t\t\t\t<div class=\"elementor-widget-container\">\n\t\t\t\t\t\t\t<a class=\"elementor-cta\" href=\"https:\/\/ceramicalaranjal.com.br\/pt\/americana\/\">\n\t\t\t\t\t<div class=\"elementor-cta__bg-wrapper\">\n\t\t\t\t<div class=\"elementor-cta__bg elementor-bg\" style=\"background-image: url(https:\/\/ceramicalaranjal.com.br\/pt\/wp-content\/uploads\/2025\/01\/americana.png);\" role=\"img\" aria-label=\"americana\"><\/div>\n\t\t\t\t<div class=\"elementor-cta__bg-overlay\"><\/div>\n\t\t\t<\/div>\n\t\t\t\t\t\t\t<div class=\"elementor-cta__content\">\n\t\t\t\t\n\t\t\t\t\t\t\t\t\t<h2 class=\"elementor-cta__title elementor-cta__content-item elementor-content-item elementor-animated-item--grow\">\n\t\t\t\t\t\tAmericana\t\t\t\t\t<\/h2>\n\t\t\t\t\n\t\t\t\t\n\t\t\t\t\t\t\t<\/div>\n\t\t\t\t\t\t<\/a>\n\t\t\t\t\t\t<\/div>\n\t\t\t\t<\/div>\n\t\t\t\t<div class=\"elementor-element elementor-element-aff1c95 elementor-cta--skin-cover elementor-cta--valign-top elementor-widget__width-initial elementor-animated-content elementor-bg-transform elementor-bg-transform-zoom-in elementor-widget elementor-widget-call-to-action\" data-id=\"aff1c95\" data-element_type=\"widget\" data-widget_type=\"call-to-action.default\">\n\t\t\t\t<div class=\"elementor-widget-container\">\n\t\t\t\t\t\t\t<a class=\"elementor-cta\" href=\"https:\/\/ceramicalaranjal.com.br\/pt\/italiana\/\">\n\t\t\t\t\t<div class=\"elementor-cta__bg-wrapper\">\n\t\t\t\t<div class=\"elementor-cta__bg elementor-bg\" style=\"background-image: url(https:\/\/ceramicalaranjal.com.br\/pt\/wp-content\/uploads\/2025\/01\/italiana.png);\" role=\"img\" aria-label=\"italiana\"><\/div>\n\t\t\t\t<div class=\"elementor-cta__bg-overlay\"><\/div>\n\t\t\t<\/div>\n\t\t\t\t\t\t\t<div class=\"elementor-cta__content\">\n\t\t\t\t\n\t\t\t\t\t\t\t\t\t<h2 class=\"elementor-cta__title elementor-cta__content-item elementor-content-item elementor-animated-item--grow\">\n\t\t\t\t\t\tItaliana\t\t\t\t\t<\/h2>\n\t\t\t\t\n\t\t\t\t\n\t\t\t\t\t\t\t<\/div>\n\t\t\t\t\t\t<\/a>\n\t\t\t\t\t\t<\/div>\n\t\t\t\t<\/div>\n\t\t\t\t<\/div>\n\t\t<div class=\"elementor-element elementor-element-8b84ccc e-con-full e-flex e-con e-child\" data-id=\"8b84ccc\" data-element_type=\"container\">\n\t\t\t\t<div class=\"elementor-element elementor-element-e79b302 elementor-cta--skin-cover elementor-cta--valign-top elementor-widget__width-initial elementor-animated-content elementor-bg-transform elementor-bg-transform-zoom-in elementor-widget elementor-widget-call-to-action\" data-id=\"e79b302\" data-element_type=\"widget\" data-widget_type=\"call-to-action.default\">\n\t\t\t\t<div class=\"elementor-widget-container\">\n\t\t\t\t\t\t\t<a class=\"elementor-cta\" href=\"https:\/\/ceramicalaranjal.com.br\/pt\/francesa\/\">\n\t\t\t\t\t<div class=\"elementor-cta__bg-wrapper\">\n\t\t\t\t<div class=\"elementor-cta__bg elementor-bg\" style=\"background-image: url(https:\/\/ceramicalaranjal.com.br\/pt\/wp-content\/uploads\/2025\/01\/francesa.png);\" role=\"img\" aria-label=\"francesa\"><\/div>\n\t\t\t\t<div class=\"elementor-cta__bg-overlay\"><\/div>\n\t\t\t<\/div>\n\t\t\t\t\t\t\t<div class=\"elementor-cta__content\">\n\t\t\t\t\n\t\t\t\t\t\t\t\t\t<h2 class=\"elementor-cta__title elementor-cta__content-item elementor-content-item elementor-animated-item--grow\">\n\t\t\t\t\t\tFrancesa\t\t\t\t\t<\/h2>\n\t\t\t\t\n\t\t\t\t\n\t\t\t\t\t\t\t<\/div>\n\t\t\t\t\t\t<\/a>\n\t\t\t\t\t\t<\/div>\n\t\t\t\t<\/div>\n\t\t\t\t<div class=\"elementor-element elementor-element-c87d325 elementor-cta--skin-cover elementor-cta--valign-top elementor-widget__width-initial elementor-animated-content elementor-bg-transform elementor-bg-transform-zoom-in elementor-widget elementor-widget-call-to-action\" data-id=\"c87d325\" data-element_type=\"widget\" data-widget_type=\"call-to-action.default\">\n\t\t\t\t<div class=\"elementor-widget-container\">\n\t\t\t\t\t\t\t<a class=\"elementor-cta\" href=\"https:\/\/ceramicalaranjal.com.br\/pt\/capa-paulista\/\">\n\t\t\t\t\t<div class=\"elementor-cta__bg-wrapper\">\n\t\t\t\t<div class=\"elementor-cta__bg elementor-bg\" style=\"background-image: url(https:\/\/ceramicalaranjal.com.br\/pt\/wp-content\/uploads\/2025\/01\/capa-paulista.png);\" role=\"img\" aria-label=\"capa-paulista\"><\/div>\n\t\t\t\t<div class=\"elementor-cta__bg-overlay\"><\/div>\n\t\t\t<\/div>\n\t\t\t\t\t\t\t<div class=\"elementor-cta__content\">\n\t\t\t\t\n\t\t\t\t\t\t\t\t\t<h2 class=\"elementor-cta__title elementor-cta__content-item elementor-content-item elementor-animated-item--grow\">\n\t\t\t\t\t\tCapa Paulista\t\t\t\t\t<\/h2>\n\t\t\t\t\n\t\t\t\t\n\t\t\t\t\t\t\t<\/div>\n\t\t\t\t\t\t<\/a>\n\t\t\t\t\t\t<\/div>\n\t\t\t\t<\/div>\n\t\t\t\t<div class=\"elementor-element elementor-element-fdaf4b5 elementor-cta--skin-cover elementor-cta--valign-top elementor-widget__width-initial elementor-animated-content elementor-bg-transform elementor-bg-transform-zoom-in elementor-widget elementor-widget-call-to-action\" data-id=\"fdaf4b5\" data-element_type=\"widget\" data-widget_type=\"call-to-action.default\">\n\t\t\t\t<div class=\"elementor-widget-container\">\n\t\t\t\t\t\t\t<a class=\"elementor-cta\" href=\"https:\/\/ceramicalaranjal.com.br\/pt\/cumeeira\/\">\n\t\t\t\t\t<div class=\"elementor-cta__bg-wrapper\">\n\t\t\t\t<div class=\"elementor-cta__bg elementor-bg\" style=\"background-image: url(https:\/\/ceramicalaranjal.com.br\/pt\/wp-content\/uploads\/2025\/01\/cumeeira.png);\" role=\"img\" aria-label=\"cumeeira\"><\/div>\n\t\t\t\t<div class=\"elementor-cta__bg-overlay\"><\/div>\n\t\t\t<\/div>\n\t\t\t\t\t\t\t<div class=\"elementor-cta__content\">\n\t\t\t\t\n\t\t\t\t\t\t\t\t\t<h2 class=\"elementor-cta__title elementor-cta__content-item elementor-content-item elementor-animated-item--grow\">\n\t\t\t\t\t\tCumeeira\t\t\t\t\t<\/h2>\n\t\t\t\t\n\t\t\t\t\n\t\t\t\t\t\t\t<\/div>\n\t\t\t\t\t\t<\/a>\n\t\t\t\t\t\t<\/div>\n\t\t\t\t<\/div>\n\t\t\t\t<div class=\"elementor-element elementor-element-fe1e420 elementor-cta--skin-cover elementor-cta--valign-top elementor-widget__width-initial elementor-animated-content elementor-bg-transform elementor-bg-transform-zoom-in elementor-widget elementor-widget-call-to-action\" data-id=\"fe1e420\" data-element_type=\"widget\" data-widget_type=\"call-to-action.default\">\n\t\t\t\t<div class=\"elementor-widget-container\">\n\t\t\t\t\t\t\t<a class=\"elementor-cta\" href=\"https:\/\/ceramicalaranjal.com.br\/pt\/espigao\/\">\n\t\t\t\t\t<div class=\"elementor-cta__bg-wrapper\">\n\t\t\t\t<div class=\"elementor-cta__bg elementor-bg\" style=\"background-image: url(https:\/\/ceramicalaranjal.com.br\/pt\/wp-content\/uploads\/2025\/01\/espigao.png);\" role=\"img\" aria-label=\"espigao\"><\/div>\n\t\t\t\t<div class=\"elementor-cta__bg-overlay\"><\/div>\n\t\t\t<\/div>\n\t\t\t\t\t\t\t<div class=\"elementor-cta__content\">\n\t\t\t\t\n\t\t\t\t\t\t\t\t\t<h2 class=\"elementor-cta__title elementor-cta__content-item elementor-content-item elementor-animated-item--grow\">\n\t\t\t\t\t\tEspig\u00e3o\t\t\t\t\t<\/h2>\n\t\t\t\t\n\t\t\t\t\n\t\t\t\t\t\t\t<\/div>\n\t\t\t\t\t\t<\/a>\n\t\t\t\t\t\t<\/div>\n\t\t\t\t<\/div>\n\t\t\t\t<\/div>\n\t\t\t\t\t<\/div>\n\t\t\t\t<\/div>\n\t\t<div class=\"elementor-element elementor-element-1941f713 e-flex e-con-boxed e-con e-parent\" data-id=\"1941f713\" data-element_type=\"container\">\n\t\t\t\t\t<div class=\"e-con-inner\">\n\t\t<div class=\"elementor-element elementor-element-11e3222e e-con-full e-flex e-con e-child\" data-id=\"11e3222e\" data-element_type=\"container\">\n\t\t\t\t<div class=\"elementor-element elementor-element-7423970e animated-fast elementor-invisible elementor-widget elementor-widget-image\" data-id=\"7423970e\" data-element_type=\"widget\" data-settings=\"{&quot;_animation&quot;:&quot;lightSpeedIn&quot;}\" data-widget_type=\"image.default\">\n\t\t\t\t<div class=\"elementor-widget-container\">\n\t\t\t\t\t\t\t\t\t\t\t\t\t\t\t<img decoding=\"async\" width=\"800\" height=\"183\" src=\"https:\/\/ceramicalaranjal.com.br\/pt\/wp-content\/uploads\/2025\/02\/Elemento-certificados-01-1024x234.png\" class=\"attachment-large size-large wp-image-687\" alt=\"\" srcset=\"https:\/\/ceramicalaranjal.com.br\/pt\/wp-content\/uploads\/2025\/02\/Elemento-certificados-01-1024x234.png 1024w, https:\/\/ceramicalaranjal.com.br\/pt\/wp-content\/uploads\/2025\/02\/Elemento-certificados-01-300x69.png 300w, https:\/\/ceramicalaranjal.com.br\/pt\/wp-content\/uploads\/2025\/02\/Elemento-certificados-01-768x176.png 768w, https:\/\/ceramicalaranjal.com.br\/pt\/wp-content\/uploads\/2025\/02\/Elemento-certificados-01-1536x351.png 1536w, https:\/\/ceramicalaranjal.com.br\/pt\/wp-content\/uploads\/2025\/02\/Elemento-certificados-01-2048x468.png 2048w\" sizes=\"(max-width: 800px) 100vw, 800px\" \/>\t\t\t\t\t\t\t\t\t\t\t\t\t\t\t<\/div>\n\t\t\t\t<\/div>\n\t\t\t\t<div class=\"elementor-element elementor-element-4f1bac9e elementor-widget elementor-widget-heading\" data-id=\"4f1bac9e\" data-element_type=\"widget\" data-widget_type=\"heading.default\">\n\t\t\t\t<div class=\"elementor-widget-container\">\n\t\t\t\t\t<h3 class=\"elementor-heading-title elementor-size-default\">CERTIFICA\u00c7\u00d5ES<\/h3>\t\t\t\t<\/div>\n\t\t\t\t<\/div>\n\t\t\t\t<div class=\"elementor-element elementor-element-405a4cdb elementor-widget elementor-widget-heading\" data-id=\"405a4cdb\" data-element_type=\"widget\" data-widget_type=\"heading.default\">\n\t\t\t\t<div class=\"elementor-widget-container\">\n\t\t\t\t\t<p class=\"elementor-heading-title elementor-size-default\">As telhas* da CER\u00c2MICA LARANJAL s\u00e3o produzidas seguindo um padr\u00e3o de excel\u00eancia em qualidade, adequado por um sistema de produ\u00e7\u00e3o em conformidade com a Norma ABNT NBR 15.310. A CER\u00c2MICA LARANJAL busca aperfei\u00e7oar cada vez mais os seus produtos, para oferecer sempre qualidade, beleza e durabilidade.\n<br><br>\n*Exceto telhas de acabamento: Cumeeira, Paulista e Espig\u00e3o.\n<\/p>\t\t\t\t<\/div>\n\t\t\t\t<\/div>\n\t\t\t\t<\/div>\n\t\t<div class=\"elementor-element elementor-element-49fab4f6 e-con-full e-flex e-con e-child\" data-id=\"49fab4f6\" data-element_type=\"container\">\n\t\t\t\t<div class=\"elementor-element elementor-element-61b6bb7f elementor-widget elementor-widget-image\" data-id=\"61b6bb7f\" data-element_type=\"widget\" data-widget_type=\"image.default\">\n\t\t\t\t<div class=\"elementor-widget-container\">\n\t\t\t\t\t\t\t\t\t\t\t\t\t\t\t<img decoding=\"async\" width=\"263\" height=\"312\" src=\"https:\/\/ceramicalaranjal.com.br\/pt\/wp-content\/uploads\/2025\/02\/Certificado-CBB.png\" class=\"attachment-large size-large wp-image-700\" alt=\"\" srcset=\"https:\/\/ceramicalaranjal.com.br\/pt\/wp-content\/uploads\/2025\/02\/Certificado-CBB.png 263w, https:\/\/ceramicalaranjal.com.br\/pt\/wp-content\/uploads\/2025\/02\/Certificado-CBB-253x300.png 253w\" sizes=\"(max-width: 263px) 100vw, 263px\" \/>\t\t\t\t\t\t\t\t\t\t\t\t\t\t\t<\/div>\n\t\t\t\t<\/div>\n\t\t\t\t<\/div>\n\t\t<div class=\"elementor-element elementor-element-f3c0a1a e-con-full e-flex e-con e-child\" data-id=\"f3c0a1a\" data-element_type=\"container\">\n\t\t\t\t<div class=\"elementor-element elementor-element-1f961eb5 elementor-widget elementor-widget-image\" data-id=\"1f961eb5\" data-element_type=\"widget\" data-widget_type=\"image.default\">\n\t\t\t\t<div class=\"elementor-widget-container\">\n\t\t\t\t\t\t\t\t\t\t\t\t\t\t\t<img loading=\"lazy\" decoding=\"async\" width=\"263\" height=\"312\" src=\"https:\/\/ceramicalaranjal.com.br\/pt\/wp-content\/uploads\/2025\/02\/Certificado-INMETRO.png\" class=\"attachment-large size-large wp-image-701\" alt=\"\" srcset=\"https:\/\/ceramicalaranjal.com.br\/pt\/wp-content\/uploads\/2025\/02\/Certificado-INMETRO.png 263w, https:\/\/ceramicalaranjal.com.br\/pt\/wp-content\/uploads\/2025\/02\/Certificado-INMETRO-253x300.png 253w\" sizes=\"(max-width: 263px) 100vw, 263px\" \/>\t\t\t\t\t\t\t\t\t\t\t\t\t\t\t<\/div>\n\t\t\t\t<\/div>\n\t\t\t\t<\/div>\n\t\t\t\t\t<\/div>\n\t\t\t\t<\/div>\n\t\t\t\t<\/div>\n\t\t","protected":false},"excerpt":{"rendered":"<p>Telhas que protegem lares duradouros, encantadores e cheios de mem\u00f3rias. A Original se v\u00ea de longe. Nossas telhas cer\u00e2micas s\u00e3o sin\u00f4nimo de qualidade e estilo, fabricadas com argila de alta performance, prontas para transformar qualquer projeto em uma obra-prima. Portuguesa Romana Americana Italiana Francesa Capa Paulista Cumeeira Espig\u00e3o CERTIFICA\u00c7\u00d5ES As telhas* da CER\u00c2MICA LARANJAL s\u00e3o [&hellip;]<\/p>\n","protected":false},"author":1,"featured_media":0,"parent":0,"menu_order":0,"comment_status":"closed","ping_status":"closed","template":"","meta":{"footnotes":""},"class_list":["post-396","page","type-page","status-publish","hentry"],"_links":{"self":[{"href":"https:\/\/ceramicalaranjal.com.br\/pt\/wp-json\/wp\/v2\/pages\/396","targetHints":{"allow":["GET"]}}],"collection":[{"href":"https:\/\/ceramicalaranjal.com.br\/pt\/wp-json\/wp\/v2\/pages"}],"about":[{"href":"https:\/\/ceramicalaranjal.com.br\/pt\/wp-json\/wp\/v2\/types\/page"}],"author":[{"embeddable":true,"href":"https:\/\/ceramicalaranjal.com.br\/pt\/wp-json\/wp\/v2\/users\/1"}],"replies":[{"embeddable":true,"href":"https:\/\/ceramicalaranjal.com.br\/pt\/wp-json\/wp\/v2\/comments?post=396"}],"version-history":[{"count":88,"href":"https:\/\/ceramicalaranjal.com.br\/pt\/wp-json\/wp\/v2\/pages\/396\/revisions"}],"predecessor-version":[{"id":2188,"href":"https:\/\/ceramicalaranjal.com.br\/pt\/wp-json\/wp\/v2\/pages\/396\/revisions\/2188"}],"wp:attachment":[{"href":"https:\/\/ceramicalaranjal.com.br\/pt\/wp-json\/wp\/v2\/media?parent=396"}],"curies":[{"name":"wp","href":"https:\/\/api.w.org\/{rel}","templated":true}]}}