{"id":935,"date":"2025-02-01T13:54:13","date_gmt":"2025-02-01T16:54:13","guid":{"rendered":"https:\/\/ceramicalaranjal.com.br\/pt\/?page_id=935"},"modified":"2025-11-10T09:01:42","modified_gmt":"2025-11-10T12:01:42","slug":"capa-paulista","status":"publish","type":"page","link":"https:\/\/ceramicalaranjal.com.br\/pt\/capa-paulista\/","title":{"rendered":"Capa Paulista"},"content":{"rendered":"\t\t<div data-elementor-type=\"wp-page\" data-elementor-id=\"935\" class=\"elementor elementor-935\" data-elementor-post-type=\"page\">\n\t\t\t\t<div class=\"elementor-element elementor-element-eb75ce3 top-bg-header e-flex e-con-boxed e-con e-parent\" data-id=\"eb75ce3\" data-element_type=\"container\">\n\t\t\t\t\t<div class=\"e-con-inner\">\n\t\t<div class=\"elementor-element elementor-element-e09f23e e-con-full e-flex e-con e-child\" data-id=\"e09f23e\" data-element_type=\"container\">\n\t\t\t\t<div class=\"elementor-element elementor-element-49d7c92 elementor-invisible elementor-widget elementor-widget-heading\" data-id=\"49d7c92\" data-element_type=\"widget\" data-settings=\"{&quot;_animation&quot;:&quot;fadeInDown&quot;}\" data-widget_type=\"heading.default\">\n\t\t\t\t<div class=\"elementor-widget-container\">\n\t\t\t\t\t<h2 class=\"elementor-heading-title elementor-size-default\">Capa Paulista<\/h2>\t\t\t\t<\/div>\n\t\t\t\t<\/div>\n\t\t\t\t<div class=\"elementor-element elementor-element-6290cbd elementor-invisible elementor-widget elementor-widget-heading\" data-id=\"6290cbd\" data-element_type=\"widget\" data-settings=\"{&quot;_animation&quot;:&quot;fadeInUp&quot;,&quot;_animation_delay&quot;:250}\" data-widget_type=\"heading.default\">\n\t\t\t\t<div class=\"elementor-widget-container\">\n\t\t\t\t\t<p class=\"elementor-heading-title elementor-size-default\">A Capa Paulista apresenta um formato curvo e arredondado, criando um encaixe seguro que proporciona uma cobertura eficaz e resistente para o telhado. Seu design \u00e9 amplamente apreciado nas constru\u00e7\u00f5es contempor\u00e2neas, conferindo um toque tradicional e elegante \u00e0 est\u00e9tica do telhado.<\/p>\t\t\t\t<\/div>\n\t\t\t\t<\/div>\n\t\t\t\t<div class=\"elementor-element elementor-element-602ac33 elementor-widget-divider--view-line elementor-widget elementor-widget-divider\" data-id=\"602ac33\" data-element_type=\"widget\" data-widget_type=\"divider.default\">\n\t\t\t\t<div class=\"elementor-widget-container\">\n\t\t\t\t\t\t\t<div class=\"elementor-divider\">\n\t\t\t<span class=\"elementor-divider-separator\">\n\t\t\t\t\t\t<\/span>\n\t\t<\/div>\n\t\t\t\t\t\t<\/div>\n\t\t\t\t<\/div>\n\t\t\t\t<div class=\"elementor-element elementor-element-4a12b44 elementor-invisible elementor-widget elementor-widget-text-editor\" data-id=\"4a12b44\" data-element_type=\"widget\" data-settings=\"{&quot;_animation&quot;:&quot;fadeInLeft&quot;}\" data-widget_type=\"text-editor.default\">\n\t\t\t\t<div class=\"elementor-widget-container\">\n\t\t\t\t\t\t\t\t\t<p>2,7 pe\u00e7as\/metro linear<br \/>2,1 kg\/pe\u00e7a<\/p><p>*Todas as Telhas Cer\u00e2mica Laranjal possuem tamb\u00e9m a op\u00e7\u00e3o hidrofugada com brilho.<\/p>\t\t\t\t\t\t\t\t<\/div>\n\t\t\t\t<\/div>\n\t\t\t\t<div class=\"elementor-element elementor-element-bfde338 elementor-position-right elementor-vertical-align-middle elementor-view-default elementor-mobile-position-top elementor-invisible elementor-widget elementor-widget-icon-box\" data-id=\"bfde338\" data-element_type=\"widget\" data-settings=\"{&quot;_animation&quot;:&quot;fadeIn&quot;}\" data-widget_type=\"icon-box.default\">\n\t\t\t\t<div class=\"elementor-widget-container\">\n\t\t\t\t\t\t\t<div class=\"elementor-icon-box-wrapper\">\n\n\t\t\t\t\t\t<div class=\"elementor-icon-box-icon\">\n\t\t\t\t<a href=\"https:\/\/ceramicalaranjal.com.br\/pt\/wp-content\/uploads\/2025\/02\/manual-tecnico-ceramica-laranjal-outubro-2023.pdf\" target=\"_blank\" class=\"elementor-icon\" tabindex=\"-1\" aria-label=\"BAIXAR MANUAL T\u00c9CNICO\">\n\t\t\t\t<svg aria-hidden=\"true\" class=\"e-font-icon-svg e-fas-download\" viewBox=\"0 0 512 512\" xmlns=\"http:\/\/www.w3.org\/2000\/svg\"><path d=\"M216 0h80c13.3 0 24 10.7 24 24v168h87.7c17.8 0 26.7 21.5 14.1 34.1L269.7 378.3c-7.5 7.5-19.8 7.5-27.3 0L90.1 226.1c-12.6-12.6-3.7-34.1 14.1-34.1H192V24c0-13.3 10.7-24 24-24zm296 376v112c0 13.3-10.7 24-24 24H24c-13.3 0-24-10.7-24-24V376c0-13.3 10.7-24 24-24h146.7l49 49c20.1 20.1 52.5 20.1 72.6 0l49-49H488c13.3 0 24 10.7 24 24zm-124 88c0-11-9-20-20-20s-20 9-20 20 9 20 20 20 20-9 20-20zm64 0c0-11-9-20-20-20s-20 9-20 20 9 20 20 20 20-9 20-20z\"><\/path><\/svg>\t\t\t\t<\/a>\n\t\t\t<\/div>\n\t\t\t\n\t\t\t\t\t\t<div class=\"elementor-icon-box-content\">\n\n\t\t\t\t\t\t\t\t\t<h5 class=\"elementor-icon-box-title\">\n\t\t\t\t\t\t<a href=\"https:\/\/ceramicalaranjal.com.br\/pt\/wp-content\/uploads\/2025\/02\/manual-tecnico-ceramica-laranjal-outubro-2023.pdf\" target=\"_blank\" >\n\t\t\t\t\t\t\tBAIXAR MANUAL T\u00c9CNICO\t\t\t\t\t\t<\/a>\n\t\t\t\t\t<\/h5>\n\t\t\t\t\n\t\t\t\t\n\t\t\t<\/div>\n\t\t\t\n\t\t<\/div>\n\t\t\t\t\t\t<\/div>\n\t\t\t\t<\/div>\n\t\t\t\t<div class=\"elementor-element elementor-element-5381e90 elementor-position-right elementor-vertical-align-middle elementor-view-default elementor-mobile-position-top elementor-invisible elementor-widget elementor-widget-icon-box\" data-id=\"5381e90\" data-element_type=\"widget\" data-settings=\"{&quot;_animation&quot;:&quot;fadeIn&quot;}\" data-widget_type=\"icon-box.default\">\n\t\t\t\t<div class=\"elementor-widget-container\">\n\t\t\t\t\t\t\t<div class=\"elementor-icon-box-wrapper\">\n\n\t\t\t\t\t\t<div class=\"elementor-icon-box-icon\">\n\t\t\t\t<a href=\"https:\/\/ceramicalaranjal.com.br\/pt\/wp-content\/uploads\/2025\/11\/CeramicaLaranjal_Catalogo_A4_V8_Nov2025.pdf\" target=\"_blank\" class=\"elementor-icon\" tabindex=\"-1\" aria-label=\"BAIXAR CAT\u00c1LOGO\">\n\t\t\t\t<svg aria-hidden=\"true\" class=\"e-font-icon-svg e-fas-download\" viewBox=\"0 0 512 512\" xmlns=\"http:\/\/www.w3.org\/2000\/svg\"><path d=\"M216 0h80c13.3 0 24 10.7 24 24v168h87.7c17.8 0 26.7 21.5 14.1 34.1L269.7 378.3c-7.5 7.5-19.8 7.5-27.3 0L90.1 226.1c-12.6-12.6-3.7-34.1 14.1-34.1H192V24c0-13.3 10.7-24 24-24zm296 376v112c0 13.3-10.7 24-24 24H24c-13.3 0-24-10.7-24-24V376c0-13.3 10.7-24 24-24h146.7l49 49c20.1 20.1 52.5 20.1 72.6 0l49-49H488c13.3 0 24 10.7 24 24zm-124 88c0-11-9-20-20-20s-20 9-20 20 9 20 20 20 20-9 20-20zm64 0c0-11-9-20-20-20s-20 9-20 20 9 20 20 20 20-9 20-20z\"><\/path><\/svg>\t\t\t\t<\/a>\n\t\t\t<\/div>\n\t\t\t\n\t\t\t\t\t\t<div class=\"elementor-icon-box-content\">\n\n\t\t\t\t\t\t\t\t\t<h5 class=\"elementor-icon-box-title\">\n\t\t\t\t\t\t<a href=\"https:\/\/ceramicalaranjal.com.br\/pt\/wp-content\/uploads\/2025\/11\/CeramicaLaranjal_Catalogo_A4_V8_Nov2025.pdf\" target=\"_blank\" >\n\t\t\t\t\t\t\tBAIXAR CAT\u00c1LOGO\t\t\t\t\t\t<\/a>\n\t\t\t\t\t<\/h5>\n\t\t\t\t\n\t\t\t\t\n\t\t\t<\/div>\n\t\t\t\n\t\t<\/div>\n\t\t\t\t\t\t<\/div>\n\t\t\t\t<\/div>\n\t\t\t\t<\/div>\n\t\t<div class=\"elementor-element elementor-element-b77365d e-con-full e-flex e-con e-child\" data-id=\"b77365d\" data-element_type=\"container\">\n\t\t\t\t<div class=\"elementor-element elementor-element-2a96cfb elementor-arrows-position-outside elementor-pagination-position-outside elementor-widget elementor-widget-image-carousel\" data-id=\"2a96cfb\" data-element_type=\"widget\" data-settings=\"{&quot;slides_to_show&quot;:&quot;1&quot;,&quot;navigation&quot;:&quot;both&quot;,&quot;autoplay&quot;:&quot;yes&quot;,&quot;pause_on_hover&quot;:&quot;yes&quot;,&quot;pause_on_interaction&quot;:&quot;yes&quot;,&quot;autoplay_speed&quot;:5000,&quot;infinite&quot;:&quot;yes&quot;,&quot;effect&quot;:&quot;slide&quot;,&quot;speed&quot;:500}\" data-widget_type=\"image-carousel.default\">\n\t\t\t\t<div class=\"elementor-widget-container\">\n\t\t\t\t\t\t\t<div class=\"elementor-image-carousel-wrapper swiper\" role=\"region\" aria-roledescription=\"carousel\" aria-label=\"Carrossel de imagens\" dir=\"ltr\">\n\t\t\t<div class=\"elementor-image-carousel swiper-wrapper\" aria-live=\"off\">\n\t\t\t\t\t\t\t\t<div class=\"swiper-slide\" role=\"group\" aria-roledescription=\"slide\" aria-label=\"1 de 1\"><figure class=\"swiper-slide-inner\"><img decoding=\"async\" class=\"swiper-slide-image\" src=\"https:\/\/ceramicalaranjal.com.br\/pt\/wp-content\/uploads\/elementor\/thumbs\/Ceramica_Laranjal_Capa_Paulista_Natural-r22r2aoo9gkacfdgo1yqld4jxjf0jqvgwogrx6sni8.png\" alt=\"Cer\u00e2mica_Laranjal_Capa_Paulista_Natural\" \/><\/figure><\/div>\t\t\t<\/div>\n\t\t\t\t\t<\/div>\n\t\t\t\t\t\t<\/div>\n\t\t\t\t<\/div>\n\t\t\t\t<\/div>\n\t\t\t\t\t<\/div>\n\t\t\t\t<\/div>\n\t\t<div class=\"elementor-element elementor-element-56c0204 e-flex e-con-boxed e-con e-parent\" data-id=\"56c0204\" data-element_type=\"container\" data-settings=\"{&quot;background_background&quot;:&quot;classic&quot;}\">\n\t\t\t\t\t<div class=\"e-con-inner\">\n\t\t<div class=\"elementor-element elementor-element-0e8f6d2 e-con-full e-flex e-con e-child\" data-id=\"0e8f6d2\" data-element_type=\"container\">\n\t\t\t\t<div class=\"elementor-element elementor-element-1503793 elementor-widget elementor-widget-image\" data-id=\"1503793\" data-element_type=\"widget\" data-widget_type=\"image.default\">\n\t\t\t\t<div class=\"elementor-widget-container\">\n\t\t\t\t\t\t\t\t\t\t\t\t\t\t\t<img fetchpriority=\"high\" decoding=\"async\" width=\"800\" height=\"777\" src=\"https:\/\/ceramicalaranjal.com.br\/pt\/wp-content\/uploads\/2025\/02\/Icone-logo-01-1024x995.png\" class=\"attachment-large size-large wp-image-638\" alt=\"\" srcset=\"https:\/\/ceramicalaranjal.com.br\/pt\/wp-content\/uploads\/2025\/02\/Icone-logo-01-1024x995.png 1024w, https:\/\/ceramicalaranjal.com.br\/pt\/wp-content\/uploads\/2025\/02\/Icone-logo-01-300x291.png 300w, https:\/\/ceramicalaranjal.com.br\/pt\/wp-content\/uploads\/2025\/02\/Icone-logo-01-768x746.png 768w, https:\/\/ceramicalaranjal.com.br\/pt\/wp-content\/uploads\/2025\/02\/Icone-logo-01.png 1295w\" sizes=\"(max-width: 800px) 100vw, 800px\" \/>\t\t\t\t\t\t\t\t\t\t\t\t\t\t\t<\/div>\n\t\t\t\t<\/div>\n\t\t\t\t<div class=\"elementor-element elementor-element-431254f elementor-invisible elementor-widget elementor-widget-heading\" data-id=\"431254f\" data-element_type=\"widget\" data-settings=\"{&quot;_animation&quot;:&quot;fadeInDown&quot;}\" data-widget_type=\"heading.default\">\n\t\t\t\t<div class=\"elementor-widget-container\">\n\t\t\t\t\t<h2 class=\"elementor-heading-title elementor-size-default\">Vantagens da telha cer\u00e2mica.<\/h2>\t\t\t\t<\/div>\n\t\t\t\t<\/div>\n\t\t\t\t<div class=\"elementor-element elementor-element-0d6230f elementor-invisible elementor-widget elementor-widget-heading\" data-id=\"0d6230f\" data-element_type=\"widget\" data-settings=\"{&quot;_animation&quot;:&quot;fadeInUp&quot;,&quot;_animation_delay&quot;:250}\" data-widget_type=\"heading.default\">\n\t\t\t\t<div class=\"elementor-widget-container\">\n\t\t\t\t\t<p class=\"elementor-heading-title elementor-size-default\">Descubra por que as telhas cer\u00e2micas s\u00e3o a escolha ideal para quem busca qualidade, durabilidade e efici\u00eancia em projetos de constru\u00e7\u00e3o.<\/p>\t\t\t\t<\/div>\n\t\t\t\t<\/div>\n\t\t<div class=\"elementor-element elementor-element-ed0de13 e-con-full e-flex e-con e-child\" data-id=\"ed0de13\" data-element_type=\"container\">\n\t\t<div class=\"elementor-element elementor-element-44f608a e-con-full elementor-hidden-tablet elementor-hidden-mobile e-flex e-con e-child\" data-id=\"44f608a\" data-element_type=\"container\">\n\t\t\t\t<\/div>\n\t\t<div class=\"elementor-element elementor-element-b82108e e-con-full e-flex e-con e-child\" data-id=\"b82108e\" data-element_type=\"container\">\n\t\t\t\t<div class=\"elementor-element elementor-element-9fd8322 elementor-widget elementor-widget-image\" data-id=\"9fd8322\" data-element_type=\"widget\" data-widget_type=\"image.default\">\n\t\t\t\t<div class=\"elementor-widget-container\">\n\t\t\t\t\t\t\t\t\t\t\t\t\t\t\t<img decoding=\"async\" width=\"800\" height=\"629\" src=\"https:\/\/ceramicalaranjal.com.br\/pt\/wp-content\/uploads\/2025\/02\/02-Facilidade-limpeza-01-1024x805.png\" class=\"attachment-large size-large wp-image-646\" alt=\"\" srcset=\"https:\/\/ceramicalaranjal.com.br\/pt\/wp-content\/uploads\/2025\/02\/02-Facilidade-limpeza-01-1024x805.png 1024w, https:\/\/ceramicalaranjal.com.br\/pt\/wp-content\/uploads\/2025\/02\/02-Facilidade-limpeza-01-300x236.png 300w, https:\/\/ceramicalaranjal.com.br\/pt\/wp-content\/uploads\/2025\/02\/02-Facilidade-limpeza-01-768x604.png 768w, https:\/\/ceramicalaranjal.com.br\/pt\/wp-content\/uploads\/2025\/02\/02-Facilidade-limpeza-01-1536x1208.png 1536w, https:\/\/ceramicalaranjal.com.br\/pt\/wp-content\/uploads\/2025\/02\/02-Facilidade-limpeza-01.png 1600w\" sizes=\"(max-width: 800px) 100vw, 800px\" \/>\t\t\t\t\t\t\t\t\t\t\t\t\t\t\t<\/div>\n\t\t\t\t<\/div>\n\t\t\t\t<div class=\"elementor-element elementor-element-710ed89 elementor-widget elementor-widget-heading\" data-id=\"710ed89\" data-element_type=\"widget\" data-widget_type=\"heading.default\">\n\t\t\t\t<div class=\"elementor-widget-container\">\n\t\t\t\t\t<h3 class=\"elementor-heading-title elementor-size-default\">FACILIDADE DE LIMPEZA<\/h3>\t\t\t\t<\/div>\n\t\t\t\t<\/div>\n\t\t\t\t<div class=\"elementor-element elementor-element-5da94b5 elementor-widget elementor-widget-heading\" data-id=\"5da94b5\" data-element_type=\"widget\" data-widget_type=\"heading.default\">\n\t\t\t\t<div class=\"elementor-widget-container\">\n\t\t\t\t\t<p class=\"elementor-heading-title elementor-size-default\">Superf\u00edcies lisas que tornam a manuten\u00e7\u00e3o r\u00e1pida e pr\u00e1tica.<\/p>\t\t\t\t<\/div>\n\t\t\t\t<\/div>\n\t\t\t\t<\/div>\n\t\t<div class=\"elementor-element elementor-element-5ace966 e-con-full e-flex e-con e-child\" data-id=\"5ace966\" data-element_type=\"container\">\n\t\t\t\t<div class=\"elementor-element elementor-element-5295067 elementor-widget elementor-widget-image\" data-id=\"5295067\" data-element_type=\"widget\" data-widget_type=\"image.default\">\n\t\t\t\t<div class=\"elementor-widget-container\">\n\t\t\t\t\t\t\t\t\t\t\t\t\t\t\t<img decoding=\"async\" width=\"800\" height=\"529\" src=\"https:\/\/ceramicalaranjal.com.br\/pt\/wp-content\/uploads\/2025\/02\/03-Facilidade-instalacao-01-1024x677.png\" class=\"attachment-large size-large wp-image-647\" alt=\"\" srcset=\"https:\/\/ceramicalaranjal.com.br\/pt\/wp-content\/uploads\/2025\/02\/03-Facilidade-instalacao-01-1024x677.png 1024w, https:\/\/ceramicalaranjal.com.br\/pt\/wp-content\/uploads\/2025\/02\/03-Facilidade-instalacao-01-300x198.png 300w, https:\/\/ceramicalaranjal.com.br\/pt\/wp-content\/uploads\/2025\/02\/03-Facilidade-instalacao-01-768x508.png 768w, https:\/\/ceramicalaranjal.com.br\/pt\/wp-content\/uploads\/2025\/02\/03-Facilidade-instalacao-01-1536x1016.png 1536w, https:\/\/ceramicalaranjal.com.br\/pt\/wp-content\/uploads\/2025\/02\/03-Facilidade-instalacao-01.png 1902w\" sizes=\"(max-width: 800px) 100vw, 800px\" \/>\t\t\t\t\t\t\t\t\t\t\t\t\t\t\t<\/div>\n\t\t\t\t<\/div>\n\t\t\t\t<div class=\"elementor-element elementor-element-2a1b4f7 elementor-widget elementor-widget-heading\" data-id=\"2a1b4f7\" data-element_type=\"widget\" data-widget_type=\"heading.default\">\n\t\t\t\t<div class=\"elementor-widget-container\">\n\t\t\t\t\t<h3 class=\"elementor-heading-title elementor-size-default\">FACILIDADE NA INSTALA\u00c7\u00c3O<\/h3>\t\t\t\t<\/div>\n\t\t\t\t<\/div>\n\t\t\t\t<div class=\"elementor-element elementor-element-9066a09 elementor-widget elementor-widget-heading\" data-id=\"9066a09\" data-element_type=\"widget\" data-widget_type=\"heading.default\">\n\t\t\t\t<div class=\"elementor-widget-container\">\n\t\t\t\t\t<p class=\"elementor-heading-title elementor-size-default\">Projetadas para uma montagem simples, economizando tempo e esfor\u00e7o.<\/p>\t\t\t\t<\/div>\n\t\t\t\t<\/div>\n\t\t\t\t<\/div>\n\t\t<div class=\"elementor-element elementor-element-ac0250f e-con-full elementor-hidden-tablet elementor-hidden-mobile e-flex e-con e-child\" data-id=\"ac0250f\" data-element_type=\"container\">\n\t\t\t\t<\/div>\n\t\t\t\t<\/div>\n\t\t<div class=\"elementor-element elementor-element-4b11603 e-con-full e-flex e-con e-child\" data-id=\"4b11603\" data-element_type=\"container\">\n\t\t<div class=\"elementor-element elementor-element-f954250 e-con-full e-flex e-con e-child\" data-id=\"f954250\" data-element_type=\"container\">\n\t\t\t\t<div class=\"elementor-element elementor-element-d0ffa3a elementor-widget elementor-widget-image\" data-id=\"d0ffa3a\" data-element_type=\"widget\" data-widget_type=\"image.default\">\n\t\t\t\t<div class=\"elementor-widget-container\">\n\t\t\t\t\t\t\t\t\t\t\t\t\t\t\t<img loading=\"lazy\" decoding=\"async\" width=\"800\" height=\"741\" src=\"https:\/\/ceramicalaranjal.com.br\/pt\/wp-content\/uploads\/2025\/02\/04-Agilidade-montagem-01-1024x949.png\" class=\"attachment-large size-large wp-image-648\" alt=\"\" srcset=\"https:\/\/ceramicalaranjal.com.br\/pt\/wp-content\/uploads\/2025\/02\/04-Agilidade-montagem-01-1024x949.png 1024w, https:\/\/ceramicalaranjal.com.br\/pt\/wp-content\/uploads\/2025\/02\/04-Agilidade-montagem-01-300x278.png 300w, https:\/\/ceramicalaranjal.com.br\/pt\/wp-content\/uploads\/2025\/02\/04-Agilidade-montagem-01-768x711.png 768w, https:\/\/ceramicalaranjal.com.br\/pt\/wp-content\/uploads\/2025\/02\/04-Agilidade-montagem-01.png 1358w\" sizes=\"(max-width: 800px) 100vw, 800px\" \/>\t\t\t\t\t\t\t\t\t\t\t\t\t\t\t<\/div>\n\t\t\t\t<\/div>\n\t\t\t\t<div class=\"elementor-element elementor-element-7155435 elementor-widget elementor-widget-heading\" data-id=\"7155435\" data-element_type=\"widget\" data-widget_type=\"heading.default\">\n\t\t\t\t<div class=\"elementor-widget-container\">\n\t\t\t\t\t<h3 class=\"elementor-heading-title elementor-size-default\">AGILIDADE NA MONTAGEM<\/h3>\t\t\t\t<\/div>\n\t\t\t\t<\/div>\n\t\t\t\t<div class=\"elementor-element elementor-element-8b35042 elementor-widget elementor-widget-heading\" data-id=\"8b35042\" data-element_type=\"widget\" data-widget_type=\"heading.default\">\n\t\t\t\t<div class=\"elementor-widget-container\">\n\t\t\t\t\t<p class=\"elementor-heading-title elementor-size-default\">Sistema de encaixe que acelera o processo de instala\u00e7\u00e3o, permitindo resultados r\u00e1pidos.<\/p>\t\t\t\t<\/div>\n\t\t\t\t<\/div>\n\t\t\t\t<\/div>\n\t\t<div class=\"elementor-element elementor-element-6626af9 e-con-full e-flex e-con e-child\" data-id=\"6626af9\" data-element_type=\"container\">\n\t\t\t\t<div class=\"elementor-element elementor-element-0bb11a8 elementor-widget elementor-widget-image\" data-id=\"0bb11a8\" data-element_type=\"widget\" data-widget_type=\"image.default\">\n\t\t\t\t<div class=\"elementor-widget-container\">\n\t\t\t\t\t\t\t\t\t\t\t\t\t\t\t<img loading=\"lazy\" decoding=\"async\" width=\"800\" height=\"741\" src=\"https:\/\/ceramicalaranjal.com.br\/pt\/wp-content\/uploads\/2025\/02\/05-Baixa-absorcao-agua-01-1024x949.png\" class=\"attachment-large size-large wp-image-649\" alt=\"\" srcset=\"https:\/\/ceramicalaranjal.com.br\/pt\/wp-content\/uploads\/2025\/02\/05-Baixa-absorcao-agua-01-1024x949.png 1024w, https:\/\/ceramicalaranjal.com.br\/pt\/wp-content\/uploads\/2025\/02\/05-Baixa-absorcao-agua-01-300x278.png 300w, https:\/\/ceramicalaranjal.com.br\/pt\/wp-content\/uploads\/2025\/02\/05-Baixa-absorcao-agua-01-768x711.png 768w, https:\/\/ceramicalaranjal.com.br\/pt\/wp-content\/uploads\/2025\/02\/05-Baixa-absorcao-agua-01.png 1358w\" sizes=\"(max-width: 800px) 100vw, 800px\" \/>\t\t\t\t\t\t\t\t\t\t\t\t\t\t\t<\/div>\n\t\t\t\t<\/div>\n\t\t\t\t<div class=\"elementor-element elementor-element-f10bf44 elementor-widget elementor-widget-heading\" data-id=\"f10bf44\" data-element_type=\"widget\" data-widget_type=\"heading.default\">\n\t\t\t\t<div class=\"elementor-widget-container\">\n\t\t\t\t\t<h3 class=\"elementor-heading-title elementor-size-default\">BAIXA ABSOR\u00c7\u00c3O DE \u00c1GUA<\/h3>\t\t\t\t<\/div>\n\t\t\t\t<\/div>\n\t\t\t\t<div class=\"elementor-element elementor-element-1f8560e elementor-widget elementor-widget-heading\" data-id=\"1f8560e\" data-element_type=\"widget\" data-widget_type=\"heading.default\">\n\t\t\t\t<div class=\"elementor-widget-container\">\n\t\t\t\t\t<p class=\"elementor-heading-title elementor-size-default\">Resistentes \u00e0 umidade, garantindo durabilidade e evitando problemas estruturais.<\/p>\t\t\t\t<\/div>\n\t\t\t\t<\/div>\n\t\t\t\t<\/div>\n\t\t<div class=\"elementor-element elementor-element-466804a e-con-full e-flex e-con e-child\" data-id=\"466804a\" data-element_type=\"container\">\n\t\t\t\t<div class=\"elementor-element elementor-element-992574b elementor-widget elementor-widget-image\" data-id=\"992574b\" data-element_type=\"widget\" data-widget_type=\"image.default\">\n\t\t\t\t<div class=\"elementor-widget-container\">\n\t\t\t\t\t\t\t\t\t\t\t\t\t\t\t<img loading=\"lazy\" decoding=\"async\" width=\"800\" height=\"572\" src=\"https:\/\/ceramicalaranjal.com.br\/pt\/wp-content\/uploads\/2025\/02\/06-Conforto-termico-01-1024x732.png\" class=\"attachment-large size-large wp-image-650\" alt=\"\" srcset=\"https:\/\/ceramicalaranjal.com.br\/pt\/wp-content\/uploads\/2025\/02\/06-Conforto-termico-01-1024x732.png 1024w, https:\/\/ceramicalaranjal.com.br\/pt\/wp-content\/uploads\/2025\/02\/06-Conforto-termico-01-300x214.png 300w, https:\/\/ceramicalaranjal.com.br\/pt\/wp-content\/uploads\/2025\/02\/06-Conforto-termico-01-768x549.png 768w, https:\/\/ceramicalaranjal.com.br\/pt\/wp-content\/uploads\/2025\/02\/06-Conforto-termico-01-1536x1098.png 1536w, https:\/\/ceramicalaranjal.com.br\/pt\/wp-content\/uploads\/2025\/02\/06-Conforto-termico-01-2048x1464.png 2048w\" sizes=\"(max-width: 800px) 100vw, 800px\" \/>\t\t\t\t\t\t\t\t\t\t\t\t\t\t\t<\/div>\n\t\t\t\t<\/div>\n\t\t\t\t<div class=\"elementor-element elementor-element-04f0946 elementor-widget elementor-widget-heading\" data-id=\"04f0946\" data-element_type=\"widget\" data-widget_type=\"heading.default\">\n\t\t\t\t<div class=\"elementor-widget-container\">\n\t\t\t\t\t<h3 class=\"elementor-heading-title elementor-size-default\">CONFORTO T\u00c9RMICO E AC\u00daSTICO<\/h3>\t\t\t\t<\/div>\n\t\t\t\t<\/div>\n\t\t\t\t<div class=\"elementor-element elementor-element-07fbd9d elementor-widget elementor-widget-heading\" data-id=\"07fbd9d\" data-element_type=\"widget\" data-widget_type=\"heading.default\">\n\t\t\t\t<div class=\"elementor-widget-container\">\n\t\t\t\t\t<p class=\"elementor-heading-title elementor-size-default\">Proporcionam isolamento eficaz, mantendo ambientes agrad\u00e1veis e silenciosos.<\/p>\t\t\t\t<\/div>\n\t\t\t\t<\/div>\n\t\t\t\t<\/div>\n\t\t\t\t<\/div>\n\t\t\t\t<\/div>\n\t\t\t\t\t<\/div>\n\t\t\t\t<\/div>\n\t\t\t\t<\/div>\n\t\t","protected":false},"excerpt":{"rendered":"<p>Capa Paulista A Capa Paulista apresenta um formato curvo e arredondado, criando um encaixe seguro que proporciona uma cobertura eficaz e resistente para o telhado. Seu design \u00e9 amplamente apreciado nas constru\u00e7\u00f5es contempor\u00e2neas, conferindo um toque tradicional e elegante \u00e0 est\u00e9tica do telhado. 2,7 pe\u00e7as\/metro linear2,1 kg\/pe\u00e7a *Todas as Telhas Cer\u00e2mica Laranjal possuem tamb\u00e9m a [&hellip;]<\/p>\n","protected":false},"author":1,"featured_media":0,"parent":0,"menu_order":0,"comment_status":"closed","ping_status":"closed","template":"","meta":{"footnotes":""},"class_list":["post-935","page","type-page","status-publish","hentry"],"_links":{"self":[{"href":"https:\/\/ceramicalaranjal.com.br\/pt\/wp-json\/wp\/v2\/pages\/935","targetHints":{"allow":["GET"]}}],"collection":[{"href":"https:\/\/ceramicalaranjal.com.br\/pt\/wp-json\/wp\/v2\/pages"}],"about":[{"href":"https:\/\/ceramicalaranjal.com.br\/pt\/wp-json\/wp\/v2\/types\/page"}],"author":[{"embeddable":true,"href":"https:\/\/ceramicalaranjal.com.br\/pt\/wp-json\/wp\/v2\/users\/1"}],"replies":[{"embeddable":true,"href":"https:\/\/ceramicalaranjal.com.br\/pt\/wp-json\/wp\/v2\/comments?post=935"}],"version-history":[{"count":40,"href":"https:\/\/ceramicalaranjal.com.br\/pt\/wp-json\/wp\/v2\/pages\/935\/revisions"}],"predecessor-version":[{"id":2231,"href":"https:\/\/ceramicalaranjal.com.br\/pt\/wp-json\/wp\/v2\/pages\/935\/revisions\/2231"}],"wp:attachment":[{"href":"https:\/\/ceramicalaranjal.com.br\/pt\/wp-json\/wp\/v2\/media?parent=935"}],"curies":[{"name":"wp","href":"https:\/\/api.w.org\/{rel}","templated":true}]}}